{"id":7455,"date":"2023-08-03T12:46:33","date_gmt":"2023-08-03T12:46:33","guid":{"rendered":"http:\/\/d1s07skqdwll4z.cloudfront.net\/mrcc-tool\/"},"modified":"2024-08-06T08:39:47","modified_gmt":"2024-08-06T08:39:47","slug":"mrcc-tool","status":"publish","type":"page","link":"https:\/\/d1s07skqdwll4z.cloudfront.net\/da\/mrcc-tool\/","title":{"rendered":"About mRCC Tool DK"},"content":{"rendered":"<p><div class=\"fusion-fullwidth fullwidth-box fusion-builder-row-1 fusion-flex-container has-pattern-background has-mask-background nonhundred-percent-fullwidth non-hundred-percent-height-scrolling\" style=\"--awb-border-radius-top-left:0px;--awb-border-radius-top-right:0px;--awb-border-radius-bottom-right:0px;--awb-border-radius-bottom-left:0px;--awb-padding-top:-60px;--awb-background-color:var(--awb-color3);--awb-flex-wrap:wrap;\" ><div class=\"fusion-builder-row fusion-row fusion-flex-align-items-flex-start fusion-flex-content-wrap\" style=\"max-width:1248px;margin-left: calc(-4% \/ 2 );margin-right: calc(-4% \/ 2 );\"><div class=\"fusion-layout-column fusion_builder_column fusion-builder-column-0 fusion_builder_column_1_1 1_1 fusion-flex-column\" style=\"--awb-bg-size:cover;--awb-width-large:100%;--awb-margin-top-large:0px;--awb-spacing-right-large:1.92%;--awb-margin-bottom-large:20px;--awb-spacing-left-large:1.92%;--awb-width-medium:100%;--awb-order-medium:0;--awb-spacing-right-medium:1.92%;--awb-spacing-left-medium:1.92%;--awb-width-small:100%;--awb-order-small:0;--awb-spacing-right-small:1.92%;--awb-spacing-left-small:1.92%;\"><div class=\"fusion-column-wrapper fusion-column-has-shadow fusion-flex-justify-content-flex-start fusion-content-layout-column\"><div class=\"fusion-search-element fusion-search-element-1 fusion-search-form-clean\" style=\"--awb-border-radius:7px;--awb-text-color:var(--awb-color8);--awb-border-color:var(--awb-color8);--awb-bg-color:var(--awb-color3);\">\t\t<form role=\"search\" class=\"searchform fusion-search-form  fusion-live-search fusion-search-form-clean\" method=\"get\" action=\"https:\/\/d1s07skqdwll4z.cloudfront.net\/da\/\">\n\t\t\t<div class=\"fusion-search-form-content\">\n\n\t\t\t\t\n\t\t\t\t<div class=\"fusion-search-field search-field\">\n\t\t\t\t\t<label><span class=\"screen-reader-text\">Search for:<\/span>\n\t\t\t\t\t\t\t\t\t\t\t\t\t<input type=\"search\" class=\"s fusion-live-search-input\" name=\"s\" id=\"fusion-live-search-input-0\" autocomplete=\"off\" placeholder=\"Search...\" required aria-required=\"true\" aria-label=\"Search...\"\/>\n\t\t\t\t\t\t\t\t\t\t\t<\/label>\n\t\t\t\t<\/div>\n\t\t\t\t<div class=\"fusion-search-button search-button\">\n\t\t\t\t\t<input type=\"submit\" class=\"fusion-search-submit searchsubmit\" aria-label=\"Search\" value=\"&#xf002;\" \/>\n\t\t\t\t\t\t\t\t\t\t<div class=\"fusion-slider-loading\"><\/div>\n\t\t\t\t\t\t\t\t\t<\/div>\n\n\t\t\t\t<input type=\"hidden\" name=\"post_type[]\" value=\"any\" \/><input type=\"hidden\" name=\"search_limit_to_post_titles\" value=\"0\" \/><input type=\"hidden\" name=\"live_min_character\" value=\"4\" \/><input type=\"hidden\" name=\"live_posts_per_page\" value=\"100\" \/><input type=\"hidden\" name=\"live_search_display_featured_image\" value=\"1\" \/><input type=\"hidden\" name=\"live_search_display_post_type\" value=\"1\" \/><input type=\"hidden\" name=\"fs\" value=\"1\" \/>\n\t\t\t<\/div>\n\n\n\t\t\t\t\t\t\t<div class=\"fusion-search-results-wrapper\"><div class=\"fusion-search-results\"><\/div><\/div>\n\t\t\t\n\t\t<\/form>\n\t\t<\/div><\/div><\/div><\/div><\/div><div class=\"fusion-fullwidth fullwidth-box fusion-builder-row-2 fusion-flex-container has-pattern-background has-mask-background nonhundred-percent-fullwidth non-hundred-percent-height-scrolling\" style=\"--awb-border-radius-top-left:0px;--awb-border-radius-top-right:0px;--awb-border-radius-bottom-right:0px;--awb-border-radius-bottom-left:0px;--awb-margin-top:4px;--awb-background-color:var(--awb-color3);--awb-flex-wrap:wrap;\" ><div class=\"fusion-builder-row fusion-row fusion-flex-align-items-flex-start fusion-flex-content-wrap\" style=\"max-width:1248px;margin-left: calc(-4% \/ 2 );margin-right: calc(-4% \/ 2 );\"><div class=\"fusion-layout-column fusion_builder_column fusion-builder-column-1 fusion_builder_column_1_1 1_1 fusion-flex-column\" style=\"--awb-bg-size:cover;--awb-width-large:100%;--awb-margin-top-large:0px;--awb-spacing-right-large:1.92%;--awb-margin-bottom-large:20px;--awb-spacing-left-large:1.92%;--awb-width-medium:100%;--awb-order-medium:0;--awb-spacing-right-medium:1.92%;--awb-spacing-left-medium:1.92%;--awb-width-small:100%;--awb-order-small:0;--awb-spacing-right-small:1.92%;--awb-spacing-left-small:1.92%;\"><div class=\"fusion-column-wrapper fusion-column-has-shadow fusion-flex-justify-content-flex-start fusion-content-layout-column\"><div class=\"fusion-title title fusion-title-1 fusion-sep-none fusion-title-center fusion-title-text fusion-title-size-two\" style=\"--awb-margin-top:33px;--awb-margin-bottom:33px;\"><h2 class=\"fusion-title-heading title-heading-center\" style=\"margin:0;\">Om mRCC Tool<\/h2><\/div><div class=\"fusion-text fusion-text-1\"><p style=\"text-align: center;\">mRCC Tool er udviklet af Ipsen Nordics og Kr\u00e6ftafdelingen, Herlev Hospital. mRCC Tool henvender sig til l\u00e6ger og sygeplejersker med s\u00e6rlig interesse for mRCC. Tool\u2019et kan bruges til generel l\u00e6ring og\/eller opdatering om mRCC, eller det kan bruges til at f\u00e5 en hurtig opdatering af specifikke emner\/sp\u00f8rgsm\u00e5l.<\/p>\n<p style=\"text-align: center;\"><span style=\"font-family: var(--awb-text-font-family); font-size: var(--awb-font-size); font-style: var(--awb-text-font-style); letter-spacing: var(--awb-letter-spacing); text-align: var(--awb-content-alignment); text-transform: var(--awb-text-transform);\">Tool\u2019et giver dig en grundl\u00e6ggende introduktion til RCC, hvordan den fremskredne sygdom (mRCC) diagnosticeres og behandles, og hvordan eventuel toksicitet h\u00e5ndteres.<\/span><\/p>\n<p style=\"text-align: center;\">Hvert kapitel best\u00e5r af illustreret viden baseret p\u00e5 videnskabelig litteratur og indholdet er forfattet af anerkendte l\u00e6ger og sygeplejersker. Nogle af kapitlerne afsluttes med multiple choice-sp\u00f8rgsm\u00e5l, s\u00e5 du (anonymt) kan tjekke dig selv, efter at have l\u00e6st indholdet.<\/p>\n<\/div><div class=\"fusion-separator fusion-full-width-sep\" style=\"align-self: center;margin-left: auto;margin-right: auto;margin-top:30px;margin-bottom:30px;width:100%;\"><div class=\"fusion-separator-border sep-single sep-solid\" style=\"--awb-height:20px;--awb-amount:20px;--awb-sep-color:#e2e2e2;border-color:#e2e2e2;border-top-width:1px;\"><\/div><\/div><\/div><\/div><div class=\"fusion-layout-column fusion_builder_column fusion-builder-column-2 fusion_builder_column_1_4 1_4 fusion-flex-column\" style=\"--awb-bg-size:cover;--awb-width-large:25%;--awb-margin-top-large:0px;--awb-spacing-right-large:7.68%;--awb-margin-bottom-large:20px;--awb-spacing-left-large:7.68%;--awb-width-medium:25%;--awb-order-medium:0;--awb-spacing-right-medium:7.68%;--awb-spacing-left-medium:7.68%;--awb-width-small:100%;--awb-order-small:0;--awb-spacing-right-small:1.92%;--awb-spacing-left-small:1.92%;\"><div class=\"fusion-column-wrapper fusion-column-has-shadow fusion-flex-justify-content-flex-start fusion-content-layout-column\"><div class=\"fusion-image-element \" style=\"--awb-caption-title-font-family:var(--h2_typography-font-family);--awb-caption-title-font-weight:var(--h2_typography-font-weight);--awb-caption-title-font-style:var(--h2_typography-font-style);--awb-caption-title-size:var(--h2_typography-font-size);--awb-caption-title-transform:var(--h2_typography-text-transform);--awb-caption-title-line-height:var(--h2_typography-line-height);--awb-caption-title-letter-spacing:var(--h2_typography-letter-spacing);\"><span class=\" fusion-imageframe imageframe-none imageframe-1 hover-type-none\" style=\"border:1px solid var(--awb-color3);border-radius:7px;\"><img decoding=\"async\" width=\"1600\" height=\"1070\" title=\"1.4_1-1\" src=\"https:\/\/wave-eu-west-1.s3.eu-west-1.amazonaws.com\/websites\/oncologynow_eu\/wp-content\/uploads\/2023\/08\/16120655\/1.4_1-1.jpg\" alt class=\"img-responsive wp-image-5960\" srcset=\"https:\/\/wave-eu-west-1.s3.eu-west-1.amazonaws.com\/websites\/oncologynow_eu\/wp-content\/uploads\/2023\/08\/16120655\/1.4_1-1-200x134.jpg 200w, https:\/\/wave-eu-west-1.s3.eu-west-1.amazonaws.com\/websites\/oncologynow_eu\/wp-content\/uploads\/2023\/08\/16120655\/1.4_1-1-400x268.jpg 400w, https:\/\/wave-eu-west-1.s3.eu-west-1.amazonaws.com\/websites\/oncologynow_eu\/wp-content\/uploads\/2023\/08\/16120655\/1.4_1-1-600x401.jpg 600w, https:\/\/wave-eu-west-1.s3.eu-west-1.amazonaws.com\/websites\/oncologynow_eu\/wp-content\/uploads\/2023\/08\/16120655\/1.4_1-1-800x535.jpg 800w, https:\/\/wave-eu-west-1.s3.eu-west-1.amazonaws.com\/websites\/oncologynow_eu\/wp-content\/uploads\/2023\/08\/16120655\/1.4_1-1-1200x803.jpg 1200w, https:\/\/wave-eu-west-1.s3.eu-west-1.amazonaws.com\/websites\/oncologynow_eu\/wp-content\/uploads\/2023\/08\/16120655\/1.4_1-1.jpg 1600w\" sizes=\"(max-width: 640px) 100vw, 400px\" \/><\/span><\/div><\/div><\/div><div class=\"fusion-layout-column fusion_builder_column fusion-builder-column-3 fusion_builder_column_1_4 1_4 fusion-flex-column\" style=\"--awb-bg-size:cover;--awb-width-large:25%;--awb-margin-top-large:0px;--awb-spacing-right-large:7.68%;--awb-margin-bottom-large:20px;--awb-spacing-left-large:7.68%;--awb-width-medium:25%;--awb-order-medium:0;--awb-spacing-right-medium:7.68%;--awb-spacing-left-medium:7.68%;--awb-width-small:100%;--awb-order-small:0;--awb-spacing-right-small:1.92%;--awb-spacing-left-small:1.92%;\"><div class=\"fusion-column-wrapper fusion-column-has-shadow fusion-flex-justify-content-flex-start fusion-content-layout-column\"><div class=\"fusion-image-element \" style=\"--awb-caption-title-font-family:var(--h2_typography-font-family);--awb-caption-title-font-weight:var(--h2_typography-font-weight);--awb-caption-title-font-style:var(--h2_typography-font-style);--awb-caption-title-size:var(--h2_typography-font-size);--awb-caption-title-transform:var(--h2_typography-text-transform);--awb-caption-title-line-height:var(--h2_typography-line-height);--awb-caption-title-letter-spacing:var(--h2_typography-letter-spacing);\"><span class=\" fusion-imageframe imageframe-none imageframe-2 hover-type-none\" style=\"border:1px solid var(--awb-color3);border-radius:7px;\"><img decoding=\"async\" width=\"1030\" height=\"917\" title=\"1.1_3-1\" src=\"https:\/\/wave-eu-west-1.s3.eu-west-1.amazonaws.com\/websites\/oncologynow_eu\/wp-content\/uploads\/2023\/08\/16120656\/1.1_3-1.jpg\" alt class=\"img-responsive wp-image-5955\" srcset=\"https:\/\/wave-eu-west-1.s3.eu-west-1.amazonaws.com\/websites\/oncologynow_eu\/wp-content\/uploads\/2023\/08\/16120656\/1.1_3-1-200x178.jpg 200w, https:\/\/wave-eu-west-1.s3.eu-west-1.amazonaws.com\/websites\/oncologynow_eu\/wp-content\/uploads\/2023\/08\/16120656\/1.1_3-1-400x356.jpg 400w, https:\/\/wave-eu-west-1.s3.eu-west-1.amazonaws.com\/websites\/oncologynow_eu\/wp-content\/uploads\/2023\/08\/16120656\/1.1_3-1-600x534.jpg 600w, https:\/\/wave-eu-west-1.s3.eu-west-1.amazonaws.com\/websites\/oncologynow_eu\/wp-content\/uploads\/2023\/08\/16120656\/1.1_3-1-800x712.jpg 800w, https:\/\/wave-eu-west-1.s3.eu-west-1.amazonaws.com\/websites\/oncologynow_eu\/wp-content\/uploads\/2023\/08\/16120656\/1.1_3-1.jpg 1030w\" sizes=\"(max-width: 640px) 100vw, 400px\" \/><\/span><\/div><\/div><\/div><div class=\"fusion-layout-column fusion_builder_column fusion-builder-column-4 fusion_builder_column_1_4 1_4 fusion-flex-column\" style=\"--awb-bg-size:cover;--awb-width-large:25%;--awb-margin-top-large:0px;--awb-spacing-right-large:7.68%;--awb-margin-bottom-large:20px;--awb-spacing-left-large:7.68%;--awb-width-medium:25%;--awb-order-medium:0;--awb-spacing-right-medium:7.68%;--awb-spacing-left-medium:7.68%;--awb-width-small:100%;--awb-order-small:0;--awb-spacing-right-small:1.92%;--awb-spacing-left-small:1.92%;\"><div class=\"fusion-column-wrapper fusion-column-has-shadow fusion-flex-justify-content-flex-start fusion-content-layout-column\"><div class=\"fusion-image-element \" style=\"--awb-caption-title-font-family:var(--h2_typography-font-family);--awb-caption-title-font-weight:var(--h2_typography-font-weight);--awb-caption-title-font-style:var(--h2_typography-font-style);--awb-caption-title-size:var(--h2_typography-font-size);--awb-caption-title-transform:var(--h2_typography-text-transform);--awb-caption-title-line-height:var(--h2_typography-line-height);--awb-caption-title-letter-spacing:var(--h2_typography-letter-spacing);\"><span class=\" fusion-imageframe imageframe-none imageframe-3 hover-type-none\" style=\"border:1px solid var(--awb-color3);border-radius:7px;\"><img decoding=\"async\" width=\"1030\" height=\"842\" title=\"1.1_2\" src=\"https:\/\/wave-eu-west-1.s3.eu-west-1.amazonaws.com\/websites\/oncologynow_eu\/wp-content\/uploads\/2023\/08\/16120658\/1.1_2.jpg\" alt class=\"img-responsive wp-image-5950\" srcset=\"https:\/\/wave-eu-west-1.s3.eu-west-1.amazonaws.com\/websites\/oncologynow_eu\/wp-content\/uploads\/2023\/08\/16120658\/1.1_2-200x163.jpg 200w, https:\/\/wave-eu-west-1.s3.eu-west-1.amazonaws.com\/websites\/oncologynow_eu\/wp-content\/uploads\/2023\/08\/16120658\/1.1_2-400x327.jpg 400w, https:\/\/wave-eu-west-1.s3.eu-west-1.amazonaws.com\/websites\/oncologynow_eu\/wp-content\/uploads\/2023\/08\/16120658\/1.1_2-600x490.jpg 600w, https:\/\/wave-eu-west-1.s3.eu-west-1.amazonaws.com\/websites\/oncologynow_eu\/wp-content\/uploads\/2023\/08\/16120658\/1.1_2-800x654.jpg 800w, https:\/\/wave-eu-west-1.s3.eu-west-1.amazonaws.com\/websites\/oncologynow_eu\/wp-content\/uploads\/2023\/08\/16120658\/1.1_2.jpg 1030w\" sizes=\"(max-width: 640px) 100vw, 400px\" \/><\/span><\/div><\/div><\/div><div class=\"fusion-layout-column fusion_builder_column fusion-builder-column-5 fusion_builder_column_1_4 1_4 fusion-flex-column\" style=\"--awb-bg-size:cover;--awb-width-large:25%;--awb-margin-top-large:0px;--awb-spacing-right-large:7.68%;--awb-margin-bottom-large:20px;--awb-spacing-left-large:7.68%;--awb-width-medium:25%;--awb-order-medium:0;--awb-spacing-right-medium:7.68%;--awb-spacing-left-medium:7.68%;--awb-width-small:100%;--awb-order-small:0;--awb-spacing-right-small:1.92%;--awb-spacing-left-small:1.92%;\"><div class=\"fusion-column-wrapper fusion-column-has-shadow fusion-flex-justify-content-flex-start fusion-content-layout-column\"><div class=\"fusion-image-element \" style=\"--awb-caption-title-font-family:var(--h2_typography-font-family);--awb-caption-title-font-weight:var(--h2_typography-font-weight);--awb-caption-title-font-style:var(--h2_typography-font-style);--awb-caption-title-size:var(--h2_typography-font-size);--awb-caption-title-transform:var(--h2_typography-text-transform);--awb-caption-title-line-height:var(--h2_typography-line-height);--awb-caption-title-letter-spacing:var(--h2_typography-letter-spacing);\"><span class=\" fusion-imageframe imageframe-none imageframe-4 hover-type-none\" style=\"border:1px solid var(--awb-color3);border-radius:7px;\"><img decoding=\"async\" width=\"1030\" height=\"706\" title=\"1.1_1\" src=\"https:\/\/wave-eu-west-1.s3.eu-west-1.amazonaws.com\/websites\/oncologynow_eu\/wp-content\/uploads\/2023\/08\/16120659\/1.1_1.jpg\" alt class=\"img-responsive wp-image-5945\" srcset=\"https:\/\/wave-eu-west-1.s3.eu-west-1.amazonaws.com\/websites\/oncologynow_eu\/wp-content\/uploads\/2023\/08\/16120659\/1.1_1-200x137.jpg 200w, https:\/\/wave-eu-west-1.s3.eu-west-1.amazonaws.com\/websites\/oncologynow_eu\/wp-content\/uploads\/2023\/08\/16120659\/1.1_1-400x274.jpg 400w, https:\/\/wave-eu-west-1.s3.eu-west-1.amazonaws.com\/websites\/oncologynow_eu\/wp-content\/uploads\/2023\/08\/16120659\/1.1_1-600x411.jpg 600w, https:\/\/wave-eu-west-1.s3.eu-west-1.amazonaws.com\/websites\/oncologynow_eu\/wp-content\/uploads\/2023\/08\/16120659\/1.1_1-800x548.jpg 800w, https:\/\/wave-eu-west-1.s3.eu-west-1.amazonaws.com\/websites\/oncologynow_eu\/wp-content\/uploads\/2023\/08\/16120659\/1.1_1.jpg 1030w\" sizes=\"(max-width: 640px) 100vw, 400px\" \/><\/span><\/div><\/div><\/div><div class=\"fusion-layout-column fusion_builder_column fusion-builder-column-6 fusion_builder_column_1_1 1_1 fusion-flex-column\" style=\"--awb-bg-size:cover;--awb-width-large:100%;--awb-margin-top-large:0px;--awb-spacing-right-large:1.92%;--awb-margin-bottom-large:20px;--awb-spacing-left-large:1.92%;--awb-width-medium:100%;--awb-order-medium:0;--awb-spacing-right-medium:1.92%;--awb-spacing-left-medium:1.92%;--awb-width-small:100%;--awb-order-small:0;--awb-spacing-right-small:1.92%;--awb-spacing-left-small:1.92%;\"><div class=\"fusion-column-wrapper fusion-column-has-shadow fusion-flex-justify-content-flex-start fusion-content-layout-column\"><div class=\"fusion-separator fusion-full-width-sep\" style=\"align-self: center;margin-left: auto;margin-right: auto;margin-top:30px;margin-bottom:30px;width:100%;\"><div class=\"fusion-separator-border sep-single sep-solid\" style=\"--awb-height:20px;--awb-amount:20px;--awb-sep-color:#e2e2e2;border-color:#e2e2e2;border-top-width:1px;\"><\/div><\/div><\/div><\/div><\/div><\/div><\/p>\n","protected":false},"excerpt":{"rendered":"","protected":false},"author":1,"featured_media":0,"parent":0,"menu_order":0,"comment_status":"closed","ping_status":"closed","template":"100-width.php","meta":{"footnotes":""},"class_list":["post-7455","page","type-page","status-publish","hentry"],"_links":{"self":[{"href":"https:\/\/d1s07skqdwll4z.cloudfront.net\/da\/wp-json\/wp\/v2\/pages\/7455","targetHints":{"allow":["GET"]}}],"collection":[{"href":"https:\/\/d1s07skqdwll4z.cloudfront.net\/da\/wp-json\/wp\/v2\/pages"}],"about":[{"href":"https:\/\/d1s07skqdwll4z.cloudfront.net\/da\/wp-json\/wp\/v2\/types\/page"}],"author":[{"embeddable":true,"href":"https:\/\/d1s07skqdwll4z.cloudfront.net\/da\/wp-json\/wp\/v2\/users\/1"}],"replies":[{"embeddable":true,"href":"https:\/\/d1s07skqdwll4z.cloudfront.net\/da\/wp-json\/wp\/v2\/comments?post=7455"}],"version-history":[{"count":6,"href":"https:\/\/d1s07skqdwll4z.cloudfront.net\/da\/wp-json\/wp\/v2\/pages\/7455\/revisions"}],"predecessor-version":[{"id":11866,"href":"https:\/\/d1s07skqdwll4z.cloudfront.net\/da\/wp-json\/wp\/v2\/pages\/7455\/revisions\/11866"}],"wp:attachment":[{"href":"https:\/\/d1s07skqdwll4z.cloudfront.net\/da\/wp-json\/wp\/v2\/media?parent=7455"}],"curies":[{"name":"wp","href":"https:\/\/api.w.org\/{rel}","templated":true}]}}