{"id":7495,"date":"2023-08-16T08:21:06","date_gmt":"2023-08-16T08:21:06","guid":{"rendered":"http:\/\/d1s07skqdwll4z.cloudfront.net\/mrcc-tool\/2-symptoms-and-diagnosis\/2-2-investigation-of-suspected-kidney-cancer\/"},"modified":"2024-11-27T20:49:58","modified_gmt":"2024-11-27T20:49:58","slug":"2-2-investigation-of-suspected-kidney-cancer","status":"publish","type":"page","link":"https:\/\/d1s07skqdwll4z.cloudfront.net\/da\/mrcc-tool\/2-symptoms-and-diagnosis\/2-2-investigation-of-suspected-kidney-cancer\/","title":{"rendered":"2.2 Investigation of suspected kidney cancer"},"content":{"rendered":"<p><div class=\"fusion-fullwidth fullwidth-box fusion-builder-row-1 fusion-flex-container has-pattern-background has-mask-background nonhundred-percent-fullwidth non-hundred-percent-height-scrolling\" style=\"--awb-border-radius-top-left:0px;--awb-border-radius-top-right:0px;--awb-border-radius-bottom-right:0px;--awb-border-radius-bottom-left:0px;--awb-padding-top:-60px;--awb-background-color:var(--awb-color3);--awb-flex-wrap:wrap;\" ><div class=\"fusion-builder-row fusion-row fusion-flex-align-items-flex-start fusion-flex-content-wrap\" style=\"max-width:1248px;margin-left: calc(-4% \/ 2 );margin-right: calc(-4% \/ 2 );\"><div class=\"fusion-layout-column fusion_builder_column fusion-builder-column-0 fusion_builder_column_1_1 1_1 fusion-flex-column\" style=\"--awb-bg-size:cover;--awb-width-large:100%;--awb-margin-top-large:0px;--awb-spacing-right-large:1.92%;--awb-margin-bottom-large:20px;--awb-spacing-left-large:1.92%;--awb-width-medium:100%;--awb-order-medium:0;--awb-spacing-right-medium:1.92%;--awb-spacing-left-medium:1.92%;--awb-width-small:100%;--awb-order-small:0;--awb-spacing-right-small:1.92%;--awb-spacing-left-small:1.92%;\"><div class=\"fusion-column-wrapper fusion-column-has-shadow fusion-flex-justify-content-flex-start fusion-content-layout-column\"><div class=\"fusion-search-element fusion-search-element-1 fusion-search-form-clean\" style=\"--awb-border-radius:7px;--awb-text-color:var(--awb-color8);--awb-border-color:var(--awb-color8);--awb-bg-color:var(--awb-color3);\">\t\t<form role=\"search\" class=\"searchform fusion-search-form  fusion-live-search fusion-search-form-clean\" method=\"get\" action=\"https:\/\/d1s07skqdwll4z.cloudfront.net\/da\/\">\n\t\t\t<div class=\"fusion-search-form-content\">\n\n\t\t\t\t\n\t\t\t\t<div class=\"fusion-search-field search-field\">\n\t\t\t\t\t<label><span class=\"screen-reader-text\">Search for:<\/span>\n\t\t\t\t\t\t\t\t\t\t\t\t\t<input type=\"search\" class=\"s fusion-live-search-input\" name=\"s\" id=\"fusion-live-search-input-0\" autocomplete=\"off\" placeholder=\"Search...\" required aria-required=\"true\" aria-label=\"Search...\"\/>\n\t\t\t\t\t\t\t\t\t\t\t<\/label>\n\t\t\t\t<\/div>\n\t\t\t\t<div class=\"fusion-search-button search-button\">\n\t\t\t\t\t<input type=\"submit\" class=\"fusion-search-submit searchsubmit\" aria-label=\"Search\" value=\"&#xf002;\" \/>\n\t\t\t\t\t\t\t\t\t\t<div class=\"fusion-slider-loading\"><\/div>\n\t\t\t\t\t\t\t\t\t<\/div>\n\n\t\t\t\t<input type=\"hidden\" name=\"post_type[]\" value=\"any\" \/><input type=\"hidden\" name=\"search_limit_to_post_titles\" value=\"0\" \/><input type=\"hidden\" name=\"live_min_character\" value=\"4\" \/><input type=\"hidden\" name=\"live_posts_per_page\" value=\"100\" \/><input type=\"hidden\" name=\"live_search_display_featured_image\" value=\"1\" \/><input type=\"hidden\" name=\"live_search_display_post_type\" value=\"1\" \/><input type=\"hidden\" name=\"fs\" value=\"1\" \/>\n\t\t\t<\/div>\n\n\n\t\t\t\t\t\t\t<div class=\"fusion-search-results-wrapper\"><div class=\"fusion-search-results\"><\/div><\/div>\n\t\t\t\n\t\t<\/form>\n\t\t<\/div><\/div><\/div><\/div><\/div><div class=\"fusion-fullwidth fullwidth-box fusion-builder-row-2 fusion-flex-container has-pattern-background has-mask-background nonhundred-percent-fullwidth non-hundred-percent-height-scrolling\" style=\"--awb-border-radius-top-left:0px;--awb-border-radius-top-right:0px;--awb-border-radius-bottom-right:0px;--awb-border-radius-bottom-left:0px;--awb-margin-top:4px;--awb-background-color:var(--awb-color3);--awb-flex-wrap:wrap;\" ><div class=\"fusion-builder-row fusion-row fusion-flex-align-items-flex-start fusion-flex-content-wrap\" style=\"max-width:1248px;margin-left: calc(-4% \/ 2 );margin-right: calc(-4% \/ 2 );\"><div class=\"fusion-layout-column fusion_builder_column fusion-builder-column-1 fusion_builder_column_1_1 1_1 fusion-flex-column\" style=\"--awb-bg-size:cover;--awb-width-large:100%;--awb-margin-top-large:0px;--awb-spacing-right-large:1.92%;--awb-margin-bottom-large:20px;--awb-spacing-left-large:1.92%;--awb-width-medium:100%;--awb-order-medium:0;--awb-spacing-right-medium:1.92%;--awb-spacing-left-medium:1.92%;--awb-width-small:100%;--awb-order-small:0;--awb-spacing-right-small:1.92%;--awb-spacing-left-small:1.92%;\"><div class=\"fusion-column-wrapper fusion-column-has-shadow fusion-flex-justify-content-flex-start fusion-content-layout-column\"><div class=\"fusion-title title fusion-title-1 fusion-title-center fusion-title-text fusion-title-size-five\" style=\"--awb-text-color:#c1c1c1;--awb-sep-color:#e2e2e2;\"><div class=\"title-sep-container title-sep-container-left\"><div class=\"title-sep sep-single sep-solid\" style=\"border-color:#e2e2e2;\"><\/div><\/div><span class=\"awb-title-spacer\"><\/span><h5 class=\"fusion-title-heading title-heading-center\" style=\"margin:0;\">2.2 Udredning ved mistanke om nyrekr\u00e6ft<sup>1-3<\/sup><\/h5><span class=\"awb-title-spacer\"><\/span><div class=\"title-sep-container title-sep-container-right\"><div class=\"title-sep sep-single sep-solid\" style=\"border-color:#e2e2e2;\"><\/div><\/div><\/div><\/div><\/div><\/div><\/div><div class=\"fusion-fullwidth fullwidth-box fusion-builder-row-3 fusion-flex-container has-pattern-background has-mask-background nonhundred-percent-fullwidth non-hundred-percent-height-scrolling\" style=\"--awb-border-radius-top-left:0px;--awb-border-radius-top-right:0px;--awb-border-radius-bottom-right:0px;--awb-border-radius-bottom-left:0px;--awb-margin-top:4px;--awb-background-color:var(--awb-color3);--awb-flex-wrap:wrap;\" ><div class=\"fusion-builder-row fusion-row fusion-flex-align-items-flex-start fusion-flex-content-wrap\" style=\"max-width:1248px;margin-left: calc(-4% \/ 2 );margin-right: calc(-4% \/ 2 );\"><div class=\"fusion-layout-column fusion_builder_column fusion-builder-column-2 fusion_builder_column_1_1 1_1 fusion-flex-column\" style=\"--awb-bg-size:cover;--awb-width-large:100%;--awb-margin-top-large:0px;--awb-spacing-right-large:1.92%;--awb-margin-bottom-large:20px;--awb-spacing-left-large:1.92%;--awb-width-medium:100%;--awb-order-medium:0;--awb-spacing-right-medium:1.92%;--awb-spacing-left-medium:1.92%;--awb-width-small:100%;--awb-order-small:0;--awb-spacing-right-small:1.92%;--awb-spacing-left-small:1.92%;\"><div class=\"fusion-column-wrapper fusion-column-has-shadow fusion-flex-justify-content-flex-start fusion-content-layout-column\"><div class=\"fusion-text fusion-text-1\"><p>Ved mistanke om nyrekr\u00e6ft skal patienten henvises til en Urologisk Afdeling i pakkeforl\u00f8b med henblik p\u00e5 videre udredning og evt. behandling.<\/p>\n<\/div><div class=\"fusion-image-element \" style=\"text-align:center;--awb-margin-top:20px;--awb-margin-bottom:20px;--awb-max-width:77%;--awb-caption-title-font-family:var(--h2_typography-font-family);--awb-caption-title-font-weight:var(--h2_typography-font-weight);--awb-caption-title-font-style:var(--h2_typography-font-style);--awb-caption-title-size:var(--h2_typography-font-size);--awb-caption-title-transform:var(--h2_typography-text-transform);--awb-caption-title-line-height:var(--h2_typography-line-height);--awb-caption-title-letter-spacing:var(--h2_typography-letter-spacing);\"><span class=\" fusion-imageframe imageframe-none imageframe-1 hover-type-none\"><img decoding=\"async\" width=\"1030\" height=\"699\" title=\"2.2_1_DK.jpg\" src=\"https:\/\/wave-eu-west-1.s3.eu-west-1.amazonaws.com\/websites\/oncologynow_eu\/wp-content\/uploads\/2023\/11\/16120417\/2.2_1_DK.jpg.png\" alt class=\"img-responsive wp-image-8962\" srcset=\"https:\/\/wave-eu-west-1.s3.eu-west-1.amazonaws.com\/websites\/oncologynow_eu\/wp-content\/uploads\/2023\/11\/16120417\/2.2_1_DK.jpg-200x136.png 200w, https:\/\/wave-eu-west-1.s3.eu-west-1.amazonaws.com\/websites\/oncologynow_eu\/wp-content\/uploads\/2023\/11\/16120417\/2.2_1_DK.jpg-400x271.png 400w, https:\/\/wave-eu-west-1.s3.eu-west-1.amazonaws.com\/websites\/oncologynow_eu\/wp-content\/uploads\/2023\/11\/16120417\/2.2_1_DK.jpg-600x407.png 600w, https:\/\/wave-eu-west-1.s3.eu-west-1.amazonaws.com\/websites\/oncologynow_eu\/wp-content\/uploads\/2023\/11\/16120417\/2.2_1_DK.jpg-800x543.png 800w, https:\/\/wave-eu-west-1.s3.eu-west-1.amazonaws.com\/websites\/oncologynow_eu\/wp-content\/uploads\/2023\/11\/16120417\/2.2_1_DK.jpg.png 1030w\" sizes=\"(max-width: 640px) 100vw, 1030px\" \/><\/span><\/div><div class=\"fusion-title title fusion-title-2 fusion-sep-none fusion-title-text fusion-title-size-four\"><h4 class=\"fusion-title-heading title-heading-left\" style=\"margin:0;\">Udredning for nyrekr\u00e6ft inkluderer:<\/h4><\/div><div class=\"fusion-text fusion-text-2\"><ul>\n<li>Journaloptagelse med fokus p\u00e5 symptomer, famili\u00e6re dispositioner, risikofaktorer, komorbiditet og en fuld objektiv unders\u00f8gelse<\/li>\n<li>Urinstix til m\u00e5ling af protein, blod, leukocytter og nitrit<\/li>\n<li>Blodpr\u00f8ver + EKG\n<ul>\n<li>H\u00e6matologi (Hb, leukocytter med differentialt\u00e6lling + trombocytter)<\/li>\n<li>V\u00e6sketal (kreatinin, carbamid, natrium og kalium) inkl. ioniseret calcium<\/li>\n<li>Levertal (ALAT, ASAT, basisk fosfatase, bilirubin og LDH) og koagulationstal (INR og APTT)<\/li>\n<li>CRP<\/li>\n<\/ul>\n<\/li>\n<\/ul>\n<ul>\n<li>Cystoskopi (bl\u00e6retumorer\/polypper)<\/li>\n<li>CT\u2013urografi (CT\u2013scanning af urinvejene uden og med kontrast (helst i 3 faser, men ellers i 2 faser \u2013 venefase og udskillelsesfase)), som kan anvendes til at visualisere:\n<ul>\n<li>sten (uden kontrast)<\/li>\n<li>tumorer\/forandringer i nyrer (venefase). Der m\u00e5les, om der er kontrastopladning i en tumor ved at sammenligne hounsfield unit (HU) f\u00f8r og efter kontrast. Hvis der er en forskel p\u00e5 15 HU, er der tale om kontrastopladning og mistanke om tumor<\/li>\n<li>tumorer\/forandringer i fraf\u00f8rende urinveje (udskillelsesfase)<\/li>\n<\/ul>\n<\/li>\n<\/ul>\n<ul>\n<li>Ved CT-urografi kan man ligeledes vurdere:\n<ul>\n<li>tumorens anatomi: side, st\u00f8rrelse, involvering af pelvis<\/li>\n<li>evt. involvering af nyrevenen: tumortrombe og r\u00e6kkevidden af denne<\/li>\n<li>spredning til regionale lymfeknuder<\/li>\n<li>spredning til andre organer i abdomen<\/li>\n<\/ul>\n<\/li>\n<\/ul>\n<ul>\n<li>CT af thorax. Ved mistanke om nyrekr\u00e6ft, skal der suppleres med CT scanning af thorax mhp. at afklare, om der er yderligere spredning. CT-scanning af thorax og abdomen indg\u00e5r ogs\u00e5 i stadieinddeling af nyrekr\u00e6ft<\/li>\n<li>Renografi for at vurdere afl\u00f8bsforholdene og funktionsfordelingen mellem de 2 nyrer<\/li>\n<li>Ultralydsscanning af nyren med kontrast kan anvendes til at differentiere mellem cyster og solide tumorer, hvis det ikke kan afklares ved CT alene \u2013 enten grundet st\u00f8rrelsen eller patienten ikke kan t\u00e5le iv kontrast ifm. CT-scanningen. Ultralydsskanning bruges desuden som vejledning ved biopsitagning fra en nyretumor<\/li>\n<li>Histologisk diagnose. Diagnosen nyrekr\u00e6ft kan f\u00f8rst stilles, n\u00e5r der foreligger en histologisk diagnose, som enten er opn\u00e5et ved en UL-vejledt biopsi fra nyren eller tumoren er fjernet ved operation\n<ul>\n<li>Hvis tumor er &lt; 4 cm, anbefales altid biopsi f\u00f8r stillingtagen til behandling, da tidligere opg\u00f8relser har vist, at omkring 20% af fjernede tumorer &lt; 4 cm var benigne<\/li>\n<li>Hvis der er tale om dissemineret sygdom, anbefales biopsi b\u00e5de fra nyretumoren og en metastase<\/li>\n<\/ul>\n<\/li>\n<\/ul>\n<\/div><\/div><\/div><\/div><\/div><div class=\"fusion-fullwidth fullwidth-box fusion-builder-row-4 fusion-flex-container has-pattern-background has-mask-background nonhundred-percent-fullwidth non-hundred-percent-height-scrolling\" style=\"--awb-border-radius-top-left:0px;--awb-border-radius-top-right:0px;--awb-border-radius-bottom-right:0px;--awb-border-radius-bottom-left:0px;--awb-flex-wrap:wrap;\" ><div class=\"fusion-builder-row fusion-row fusion-flex-align-items-flex-start fusion-flex-content-wrap\" style=\"max-width:1248px;margin-left: calc(-4% \/ 2 );margin-right: calc(-4% \/ 2 );\"><div class=\"fusion-layout-column fusion_builder_column fusion-builder-column-3 fusion_builder_column_1_1 1_1 fusion-flex-column\" style=\"--awb-bg-size:cover;--awb-width-large:100%;--awb-margin-top-large:0px;--awb-spacing-right-large:1.92%;--awb-margin-bottom-large:20px;--awb-spacing-left-large:1.92%;--awb-width-medium:100%;--awb-order-medium:0;--awb-spacing-right-medium:1.92%;--awb-spacing-left-medium:1.92%;--awb-width-small:100%;--awb-order-small:0;--awb-spacing-right-small:1.92%;--awb-spacing-left-small:1.92%;\"><div class=\"fusion-column-wrapper fusion-column-has-shadow fusion-flex-justify-content-flex-start fusion-content-layout-column\"><div class=\"fusion-title title fusion-title-3 fusion-sep-none fusion-title-text fusion-title-size-four\"><h4 class=\"fusion-title-heading title-heading-left\" style=\"margin:0;\">Referencer<\/h4><\/div><div class=\"fusion-text fusion-text-3\"><div>\n<ol>\n<li><i>ESMO Guidelines: European Society for Medical Oncology. ESMO Clinical Practice Guidelines. Available from: https:\/\/www.esmo.org\/guidelines. <\/i><\/li>\n<li><i>Danish Multidisciplinary Cancer Groups (DMCG). DaRenCa Kliniske Retningslinjer 2024. Available from: https:\/\/www.dmcg.dk\/Kliniske-retningslinjer\/kliniske-retningslinjer-opdelt-paa-dmcg\/nyrecancer\/<\/i><\/li>\n<li><i>NCCN Guidelines: National Comprehensive Cancer Network. NCCN Clinical Practice Guidelines in Oncology. Available from: https:\/\/www.nccn.org\/guidelines.<\/i><\/li>\n<\/ol>\n<\/div>\n<\/div><\/div><\/div><div class=\"fusion-layout-column fusion_builder_column fusion-builder-column-4 fusion_builder_column_1_1 1_1 fusion-flex-column\" style=\"--awb-overflow:hidden;--awb-bg-size:cover;--awb-border-radius:7px 7px 7px 7px;--awb-width-large:100%;--awb-margin-top-large:0px;--awb-spacing-right-large:1.92%;--awb-margin-bottom-large:20px;--awb-spacing-left-large:1.92%;--awb-width-medium:100%;--awb-order-medium:0;--awb-spacing-right-medium:1.92%;--awb-spacing-left-medium:1.92%;--awb-width-small:100%;--awb-order-small:0;--awb-spacing-right-small:1.92%;--awb-spacing-left-small:1.92%;\" data-scroll-devices=\"small-visibility,medium-visibility,large-visibility\"><div class=\"fusion-column-wrapper fusion-column-has-shadow fusion-flex-justify-content-flex-start fusion-content-layout-column\"><div style=\"text-align:center;\"><a class=\"fusion-button button-flat fusion-button-default-size button-default fusion-button-default button-1 fusion-button-default-span fusion-button-default-type\" target=\"_self\" data-hover=\"icon_slide\" href=\"https:\/\/d1s07skqdwll4z.cloudfront.net\/da\/mrcc-tool\/2-symptoms-and-diagnosis\/2-3-multidisciplinary-team-mdt-conference\/\"><span class=\"fusion-button-text\">Forts\u00e6t til n\u00e6ste afsnit: 2.3 Multidisciplin\u00e6r Team (MDT) konference<\/span><i class=\"fa-arrow-alt-circle-right fas button-icon-right\" aria-hidden=\"true\"><\/i><\/a><\/div><\/div><\/div><\/div><\/div><div class=\"fusion-fullwidth fullwidth-box fusion-builder-row-5 fusion-flex-container has-pattern-background has-mask-background nonhundred-percent-fullwidth non-hundred-percent-height-scrolling\" style=\"--awb-border-radius-top-left:7px;--awb-border-radius-top-right:7px;--awb-border-radius-bottom-right:7px;--awb-border-radius-bottom-left:7px;--awb-overflow:hidden;--awb-margin-top:4px;--awb-background-color:var(--awb-color3);--awb-flex-wrap:wrap;\" ><div class=\"fusion-builder-row fusion-row fusion-flex-align-items-flex-start fusion-flex-content-wrap\" style=\"max-width:1248px;margin-left: calc(-4% \/ 2 );margin-right: calc(-4% \/ 2 );\"><div class=\"fusion-layout-column fusion_builder_column fusion-builder-column-5 fusion_builder_column_1_1 1_1 fusion-flex-column\" style=\"--awb-bg-size:cover;--awb-width-large:100%;--awb-margin-top-large:0px;--awb-spacing-right-large:1.92%;--awb-margin-bottom-large:20px;--awb-spacing-left-large:1.92%;--awb-width-medium:100%;--awb-order-medium:0;--awb-spacing-right-medium:1.92%;--awb-spacing-left-medium:1.92%;--awb-width-small:100%;--awb-order-small:0;--awb-spacing-right-small:1.92%;--awb-spacing-left-small:1.92%;\"><div class=\"fusion-column-wrapper fusion-column-has-shadow fusion-flex-justify-content-flex-start fusion-content-layout-column\"><div class=\"fusion-title title fusion-title-4 fusion-title-center fusion-title-text fusion-title-size-five\" style=\"--awb-text-color:#c1c1c1;--awb-margin-top:25px;--awb-sep-color:#e2e2e2;\"><div class=\"title-sep-container title-sep-container-left\"><div class=\"title-sep sep-single sep-solid\" style=\"border-color:#e2e2e2;\"><\/div><\/div><span class=\"awb-title-spacer\"><\/span><h5 class=\"fusion-title-heading title-heading-center\" style=\"margin:0;\">Udforsk denne kapitelmenu<\/h5><span class=\"awb-title-spacer\"><\/span><div class=\"title-sep-container title-sep-container-right\"><div class=\"title-sep sep-single sep-solid\" style=\"border-color:#e2e2e2;\"><\/div><\/div><\/div><\/div><\/div><div class=\"fusion-layout-column fusion_builder_column fusion-builder-column-6 fusion_builder_column_1_6 1_6 fusion-flex-column\" style=\"--awb-bg-size:cover;--awb-width-large:16.666666666667%;--awb-margin-top-large:0px;--awb-spacing-right-large:11.52%;--awb-margin-bottom-large:20px;--awb-spacing-left-large:11.52%;--awb-width-medium:16.666666666667%;--awb-order-medium:0;--awb-spacing-right-medium:11.52%;--awb-spacing-left-medium:11.52%;--awb-width-small:100%;--awb-order-small:0;--awb-spacing-right-small:1.92%;--awb-spacing-left-small:1.92%;\"><div class=\"fusion-column-wrapper fusion-column-has-shadow fusion-flex-justify-content-flex-start fusion-content-layout-column\"><\/div><\/div><div class=\"fusion-layout-column fusion_builder_column fusion-builder-column-7 fusion_builder_column_2_3 2_3 fusion-flex-column\" style=\"--awb-bg-size:cover;--awb-width-large:66.666666666667%;--awb-margin-top-large:0px;--awb-spacing-right-large:2.88%;--awb-margin-bottom-large:20px;--awb-spacing-left-large:2.88%;--awb-width-medium:66.666666666667%;--awb-order-medium:0;--awb-spacing-right-medium:2.88%;--awb-spacing-left-medium:2.88%;--awb-width-small:100%;--awb-order-small:0;--awb-spacing-right-small:1.92%;--awb-spacing-left-small:1.92%;\"><div class=\"fusion-column-wrapper fusion-column-has-shadow fusion-flex-justify-content-flex-start fusion-content-layout-column\"><div style=\"text-align:center;\"><a class=\"fusion-button button-flat fusion-button-default-size button-custom fusion-button-default button-2 fusion-button-span-yes fusion-has-button-gradient\" style=\"--button_bevel_color:rgba(89,96,104,0.7);--button_bevel_color_hover:rgba(89,96,104,0.9);--button_accent_color:var(--awb-color6);--button_border_color:#e0e0e0;--button_accent_hover_color:var(--awb-color1);--button_border_hover_color:var(--awb-color3);--button_border_width-top:1px;--button_border_width-right:1px;--button_border_width-bottom:1px;--button_border_width-left:1px;--button_gradient_top_color:rgba(89,96,104,0.07);--button_gradient_bottom_color:rgba(89,96,104,0.33);--button_gradient_top_color_hover:#003c68;--button_gradient_bottom_color_hover:#003c68;--button_padding-top:20px;--button_padding-bottom:20px;--button_margin-top:15px;--button_margin-bottom:3px;\" target=\"_self\" data-hover=\"icon_slide\" href=\"https:\/\/d1s07skqdwll4z.cloudfront.net\/da\/mrcc-tool\/2-symptoms-and-diagnosis\/2-1-symptoms-of-kidney-cancer\/\"><span class=\"fusion-button-text\">2.1 Symptomer p\u00e5 nyrekr\u00e6ft<\/span><i class=\"fa-angle-right fas button-icon-right\" aria-hidden=\"true\"><\/i><\/a><\/div><div style=\"text-align:center;\"><a class=\"fusion-button button-flat fusion-button-default-size button-custom fusion-button-default button-3 fusion-button-span-yes fusion-has-button-gradient\" style=\"--button_accent_color:var(--awb-color6);--button_border_color:#e0e0e0;--button_accent_hover_color:var(--awb-color1);--button_border_hover_color:var(--awb-color3);--button_border_width-top:1px;--button_border_width-right:1px;--button_border_width-bottom:1px;--button_border_width-left:1px;--button_gradient_top_color:rgba(89,96,104,0.07);--button_gradient_bottom_color:rgba(89,96,104,0.33);--button_gradient_top_color_hover:#003c68;--button_gradient_bottom_color_hover:#003c68;--button_padding-top:20px;--button_padding-bottom:20px;--button_margin-top:3px;--button_margin-bottom:3px;\" target=\"_self\" data-hover=\"icon_slide\" href=\"https:\/\/d1s07skqdwll4z.cloudfront.net\/da\/mrcc-tool\/2-symptoms-and-diagnosis\/2-2-investigation-of-suspected-kidney-cancer\/\"><span class=\"fusion-button-text\">2.2 Udredning ved mistanke om nyrekr\u00e6ft<\/span><i class=\"fa-angle-right fas button-icon-right\" aria-hidden=\"true\"><\/i><\/a><\/div><div style=\"text-align:center;\"><a class=\"fusion-button button-flat fusion-button-default-size button-custom fusion-button-default button-4 fusion-button-span-yes fusion-has-button-gradient\" style=\"--button_accent_color:var(--awb-color6);--button_border_color:#e0e0e0;--button_accent_hover_color:var(--awb-color1);--button_border_hover_color:var(--awb-color3);--button_border_width-top:1px;--button_border_width-right:1px;--button_border_width-bottom:1px;--button_border_width-left:1px;--button_gradient_top_color:rgba(89,96,104,0.07);--button_gradient_bottom_color:rgba(89,96,104,0.33);--button_gradient_top_color_hover:#003c68;--button_gradient_bottom_color_hover:#003c68;--button_padding-top:20px;--button_padding-bottom:20px;--button_margin-top:3px;--button_margin-bottom:3px;\" target=\"_self\" data-hover=\"icon_slide\" href=\"https:\/\/d1s07skqdwll4z.cloudfront.net\/da\/mrcc-tool\/2-symptoms-and-diagnosis\/2-3-multidisciplinary-team-mdt-conference\/\"><span class=\"fusion-button-text\">2.3 Multidisciplin\u00e6r Team (MDT) konference<\/span><i class=\"fa-angle-right fas button-icon-right\" aria-hidden=\"true\"><\/i><\/a><\/div><div style=\"text-align:center;\"><a class=\"fusion-button button-flat fusion-button-default-size button-custom fusion-button-default button-5 fusion-button-span-yes fusion-has-button-gradient\" style=\"--button_accent_color:var(--awb-color6);--button_border_color:#e0e0e0;--button_accent_hover_color:var(--awb-color1);--button_border_hover_color:var(--awb-color3);--button_border_width-top:1px;--button_border_width-right:1px;--button_border_width-bottom:1px;--button_border_width-left:1px;--button_gradient_top_color:rgba(89,96,104,0.07);--button_gradient_bottom_color:rgba(89,96,104,0.33);--button_gradient_top_color_hover:#003c68;--button_gradient_bottom_color_hover:#003c68;--button_padding-top:20px;--button_padding-bottom:20px;--button_margin-top:3px;--button_margin-bottom:3px;\" target=\"_self\" data-hover=\"icon_slide\" href=\"https:\/\/d1s07skqdwll4z.cloudfront.net\/da\/mrcc-tool\/2-symptoms-and-diagnosis\/2-4-prognostic-stratification-tools-for-patients-with-mrcc\/\"><span class=\"fusion-button-text\">2.4 Prognostiske stratificeringsv\u00e6rkt\u00f8jer til patienter med mRCC<\/span><i class=\"fa-angle-right fas button-icon-right\" aria-hidden=\"true\"><\/i><\/a><\/div><div style=\"text-align:center;\"><a class=\"fusion-button button-flat fusion-button-default-size button-custom fusion-button-default button-6 fusion-button-span-yes fusion-has-button-gradient\" style=\"--button_accent_color:var(--awb-color6);--button_border_color:#e0e0e0;--button_accent_hover_color:var(--awb-color1);--button_border_hover_color:var(--awb-color3);--button_border_width-top:1px;--button_border_width-right:1px;--button_border_width-bottom:1px;--button_border_width-left:1px;--button_gradient_top_color:rgba(89,96,104,0.07);--button_gradient_bottom_color:rgba(89,96,104,0.33);--button_gradient_top_color_hover:#003c68;--button_gradient_bottom_color_hover:#003c68;--button_padding-top:20px;--button_padding-bottom:20px;--button_margin-top:3px;--button_margin-bottom:3px;\" target=\"_self\" data-hover=\"icon_slide\" href=\"https:\/\/d1s07skqdwll4z.cloudfront.net\/da\/mrcc-tool\/2-symptoms-and-diagnosis\/2-5-prognostic-factors\/\"><span class=\"fusion-button-text\">2.5 Prognostiske faktorer<\/span><i class=\"fa-angle-right fas button-icon-right\" aria-hidden=\"true\"><\/i><\/a><\/div><\/div><\/div><div class=\"fusion-layout-column fusion_builder_column fusion-builder-column-8 fusion_builder_column_1_6 1_6 fusion-flex-column\" style=\"--awb-bg-size:cover;--awb-width-large:16.666666666667%;--awb-margin-top-large:0px;--awb-spacing-right-large:11.52%;--awb-margin-bottom-large:20px;--awb-spacing-left-large:11.52%;--awb-width-medium:16.666666666667%;--awb-order-medium:0;--awb-spacing-right-medium:11.52%;--awb-spacing-left-medium:11.52%;--awb-width-small:100%;--awb-order-small:0;--awb-spacing-right-small:1.92%;--awb-spacing-left-small:1.92%;\"><div class=\"fusion-column-wrapper fusion-column-has-shadow fusion-flex-justify-content-flex-start fusion-content-layout-column\"><\/div><\/div><\/div><\/div>\n<\/p>\n","protected":false},"excerpt":{"rendered":"","protected":false},"author":1,"featured_media":0,"parent":7487,"menu_order":0,"comment_status":"closed","ping_status":"closed","template":"100-width.php","meta":{"footnotes":""},"class_list":["post-7495","page","type-page","status-publish","hentry"],"_links":{"self":[{"href":"https:\/\/d1s07skqdwll4z.cloudfront.net\/da\/wp-json\/wp\/v2\/pages\/7495","targetHints":{"allow":["GET"]}}],"collection":[{"href":"https:\/\/d1s07skqdwll4z.cloudfront.net\/da\/wp-json\/wp\/v2\/pages"}],"about":[{"href":"https:\/\/d1s07skqdwll4z.cloudfront.net\/da\/wp-json\/wp\/v2\/types\/page"}],"author":[{"embeddable":true,"href":"https:\/\/d1s07skqdwll4z.cloudfront.net\/da\/wp-json\/wp\/v2\/users\/1"}],"replies":[{"embeddable":true,"href":"https:\/\/d1s07skqdwll4z.cloudfront.net\/da\/wp-json\/wp\/v2\/comments?post=7495"}],"version-history":[{"count":15,"href":"https:\/\/d1s07skqdwll4z.cloudfront.net\/da\/wp-json\/wp\/v2\/pages\/7495\/revisions"}],"predecessor-version":[{"id":11927,"href":"https:\/\/d1s07skqdwll4z.cloudfront.net\/da\/wp-json\/wp\/v2\/pages\/7495\/revisions\/11927"}],"up":[{"embeddable":true,"href":"https:\/\/d1s07skqdwll4z.cloudfront.net\/da\/wp-json\/wp\/v2\/pages\/7487"}],"wp:attachment":[{"href":"https:\/\/d1s07skqdwll4z.cloudfront.net\/da\/wp-json\/wp\/v2\/media?parent=7495"}],"curies":[{"name":"wp","href":"https:\/\/api.w.org\/{rel}","templated":true}]}}