{"id":7539,"date":"2023-08-17T07:20:58","date_gmt":"2023-08-17T07:20:58","guid":{"rendered":"http:\/\/d1s07skqdwll4z.cloudfront.net\/mrcc-tool\/3-management-of-mrcc\/3-6-performance-status\/"},"modified":"2024-11-27T20:57:22","modified_gmt":"2024-11-27T20:57:22","slug":"3-6-performance-status","status":"publish","type":"page","link":"https:\/\/d1s07skqdwll4z.cloudfront.net\/da\/mrcc-tool\/3-management-of-mrcc\/3-6-performance-status\/","title":{"rendered":"3.6 Performance status"},"content":{"rendered":"<p><div class=\"fusion-fullwidth fullwidth-box fusion-builder-row-1 fusion-flex-container has-pattern-background has-mask-background nonhundred-percent-fullwidth non-hundred-percent-height-scrolling\" style=\"--awb-border-radius-top-left:0px;--awb-border-radius-top-right:0px;--awb-border-radius-bottom-right:0px;--awb-border-radius-bottom-left:0px;--awb-padding-top:-60px;--awb-background-color:var(--awb-color3);--awb-flex-wrap:wrap;\" ><div class=\"fusion-builder-row fusion-row fusion-flex-align-items-flex-start fusion-flex-content-wrap\" style=\"max-width:1248px;margin-left: calc(-4% \/ 2 );margin-right: calc(-4% \/ 2 );\"><div class=\"fusion-layout-column fusion_builder_column fusion-builder-column-0 fusion_builder_column_1_1 1_1 fusion-flex-column\" style=\"--awb-bg-size:cover;--awb-width-large:100%;--awb-margin-top-large:0px;--awb-spacing-right-large:1.92%;--awb-margin-bottom-large:20px;--awb-spacing-left-large:1.92%;--awb-width-medium:100%;--awb-order-medium:0;--awb-spacing-right-medium:1.92%;--awb-spacing-left-medium:1.92%;--awb-width-small:100%;--awb-order-small:0;--awb-spacing-right-small:1.92%;--awb-spacing-left-small:1.92%;\"><div class=\"fusion-column-wrapper fusion-column-has-shadow fusion-flex-justify-content-flex-start fusion-content-layout-column\"><div class=\"fusion-search-element fusion-search-element-1 fusion-search-form-clean\" style=\"--awb-border-radius:7px;--awb-text-color:var(--awb-color8);--awb-border-color:var(--awb-color8);--awb-bg-color:var(--awb-color3);\">\t\t<form role=\"search\" class=\"searchform fusion-search-form  fusion-live-search fusion-search-form-clean\" method=\"get\" action=\"https:\/\/d1s07skqdwll4z.cloudfront.net\/da\/\">\n\t\t\t<div class=\"fusion-search-form-content\">\n\n\t\t\t\t\n\t\t\t\t<div class=\"fusion-search-field search-field\">\n\t\t\t\t\t<label><span class=\"screen-reader-text\">Search for:<\/span>\n\t\t\t\t\t\t\t\t\t\t\t\t\t<input type=\"search\" class=\"s fusion-live-search-input\" name=\"s\" id=\"fusion-live-search-input-0\" autocomplete=\"off\" placeholder=\"Search...\" required aria-required=\"true\" aria-label=\"Search...\"\/>\n\t\t\t\t\t\t\t\t\t\t\t<\/label>\n\t\t\t\t<\/div>\n\t\t\t\t<div class=\"fusion-search-button search-button\">\n\t\t\t\t\t<input type=\"submit\" class=\"fusion-search-submit searchsubmit\" aria-label=\"Search\" value=\"&#xf002;\" \/>\n\t\t\t\t\t\t\t\t\t\t<div class=\"fusion-slider-loading\"><\/div>\n\t\t\t\t\t\t\t\t\t<\/div>\n\n\t\t\t\t<input type=\"hidden\" name=\"post_type[]\" value=\"any\" \/><input type=\"hidden\" name=\"search_limit_to_post_titles\" value=\"0\" \/><input type=\"hidden\" name=\"live_min_character\" value=\"4\" \/><input type=\"hidden\" name=\"live_posts_per_page\" value=\"100\" \/><input type=\"hidden\" name=\"live_search_display_featured_image\" value=\"1\" \/><input type=\"hidden\" name=\"live_search_display_post_type\" value=\"1\" \/><input type=\"hidden\" name=\"fs\" value=\"1\" \/>\n\t\t\t<\/div>\n\n\n\t\t\t\t\t\t\t<div class=\"fusion-search-results-wrapper\"><div class=\"fusion-search-results\"><\/div><\/div>\n\t\t\t\n\t\t<\/form>\n\t\t<\/div><\/div><\/div><\/div><\/div><div class=\"fusion-fullwidth fullwidth-box fusion-builder-row-2 fusion-flex-container has-pattern-background has-mask-background nonhundred-percent-fullwidth non-hundred-percent-height-scrolling\" style=\"--awb-border-radius-top-left:0px;--awb-border-radius-top-right:0px;--awb-border-radius-bottom-right:0px;--awb-border-radius-bottom-left:0px;--awb-margin-top:4px;--awb-background-color:var(--awb-color3);--awb-flex-wrap:wrap;\" ><div class=\"fusion-builder-row fusion-row fusion-flex-align-items-flex-start fusion-flex-content-wrap\" style=\"max-width:1248px;margin-left: calc(-4% \/ 2 );margin-right: calc(-4% \/ 2 );\"><div class=\"fusion-layout-column fusion_builder_column fusion-builder-column-1 fusion_builder_column_1_1 1_1 fusion-flex-column\" style=\"--awb-bg-size:cover;--awb-width-large:100%;--awb-margin-top-large:0px;--awb-spacing-right-large:1.92%;--awb-margin-bottom-large:20px;--awb-spacing-left-large:1.92%;--awb-width-medium:100%;--awb-order-medium:0;--awb-spacing-right-medium:1.92%;--awb-spacing-left-medium:1.92%;--awb-width-small:100%;--awb-order-small:0;--awb-spacing-right-small:1.92%;--awb-spacing-left-small:1.92%;\"><div class=\"fusion-column-wrapper fusion-column-has-shadow fusion-flex-justify-content-flex-start fusion-content-layout-column\"><div class=\"fusion-title title fusion-title-1 fusion-title-center fusion-title-text fusion-title-size-five\" style=\"--awb-text-color:#c1c1c1;--awb-sep-color:#e2e2e2;\"><div class=\"title-sep-container title-sep-container-left\"><div class=\"title-sep sep-single sep-solid\" style=\"border-color:#e2e2e2;\"><\/div><\/div><span class=\"awb-title-spacer\"><\/span><h5 class=\"fusion-title-heading title-heading-center\" style=\"margin:0;\">3.6 Performance status<sup>1,2<\/sup><\/h5><span class=\"awb-title-spacer\"><\/span><div class=\"title-sep-container title-sep-container-right\"><div class=\"title-sep sep-single sep-solid\" style=\"border-color:#e2e2e2;\"><\/div><\/div><\/div><\/div><\/div><\/div><\/div><div class=\"fusion-fullwidth fullwidth-box fusion-builder-row-3 fusion-flex-container has-pattern-background has-mask-background nonhundred-percent-fullwidth non-hundred-percent-height-scrolling\" style=\"--awb-border-radius-top-left:0px;--awb-border-radius-top-right:0px;--awb-border-radius-bottom-right:0px;--awb-border-radius-bottom-left:0px;--awb-margin-top:4px;--awb-background-color:var(--awb-color3);--awb-flex-wrap:wrap;\" ><div class=\"fusion-builder-row fusion-row fusion-flex-align-items-flex-start fusion-flex-content-wrap\" style=\"max-width:1248px;margin-left: calc(-4% \/ 2 );margin-right: calc(-4% \/ 2 );\"><div class=\"fusion-layout-column fusion_builder_column fusion-builder-column-2 fusion_builder_column_1_1 1_1 fusion-flex-column\" style=\"--awb-bg-size:cover;--awb-width-large:100%;--awb-margin-top-large:0px;--awb-spacing-right-large:1.92%;--awb-margin-bottom-large:20px;--awb-spacing-left-large:1.92%;--awb-width-medium:100%;--awb-order-medium:0;--awb-spacing-right-medium:1.92%;--awb-spacing-left-medium:1.92%;--awb-width-small:100%;--awb-order-small:0;--awb-spacing-right-small:1.92%;--awb-spacing-left-small:1.92%;\"><div class=\"fusion-column-wrapper fusion-column-has-shadow fusion-flex-justify-content-flex-start fusion-content-layout-column\"><div class=\"fusion-text fusion-text-1\"><p>Performance status (PS) er en metode til at vurdere og angive en patients almen tilstand og anvendes til at vurdere, om patienten kan t\u00e5le <a href=\"https:\/\/d1s07skqdwll4z.cloudfront.net\/da\/mrcc-tool\/4-treatment\/4-1-treatment-options-for-metastatic-renal-cell-carcinoma-mrcc\/\">onkologisk behandling<\/a>. PS er samtidig en vigtig <a href=\"https:\/\/d1s07skqdwll4z.cloudfront.net\/da\/mrcc-tool\/2-symptoms-and-diagnosis\/2-5-prognostic-factors\/\">prognostisk faktor<\/a>.<\/p>\n<\/div><div class=\"fusion-text fusion-text-2\"><p>Overlevelse er for de fleste kr\u00e6ftformer omvendt proportional med PS.<\/p>\n<p>PS kan kvantificeres efter flere systemer, hvor Eastern Cooperative Oncology Group (ECOG) og Karnofsky er de mest anvendte. Nedenfor er listet PS gradering iht. ECOG.<\/p>\n<p>For at kunne tilbydes systemisk onkologisk behandling b\u00f8r patienten som udgangspunkt have en ECOG-performance status p\u00e5 2 eller mindre eller Karnofsky PS p\u00e5 70 eller mere.<\/p>\n<\/div><div class=\"fusion-title title fusion-title-2 fusion-sep-none fusion-title-text fusion-title-size-four\"><h4 class=\"fusion-title-heading title-heading-left\" style=\"margin:0;\">PS-gradering iht. ECOG og Karnofsky<\/h4><\/div>\n<div class=\"table-1\">\n<table width=\"100%\">\n<thead>\n<tr>\n<th align=\"left\">GRAD<\/th>\n<th align=\"left\">ECOG PERFORMANCE STATUS<\/th>\n<\/tr>\n<\/thead>\n<tbody>\n<tr>\n<td align=\"left\">0<\/td>\n<td align=\"left\">Fuldt aktiv og i stand til at forts\u00e6tte med alle de funktioner som patienten kunne forud for sygdommen uden restriktioner<\/td>\n<\/tr>\n<tr>\n<td align=\"left\">1<\/td>\n<td align=\"left\">Begr\u00e6nset i fysisk anstrengende aktiviteter, men oppeg\u00e5ende og i stand til at udf\u00f8re lettere fysisk arbejde s\u00e5som let husarbejde eller kontorarbejde<\/td>\n<\/tr>\n<tr>\n<td align=\"left\">2<\/td>\n<td align=\"left\">Oppeg\u00e5ende &gt; halvdelen af dagen og er selvhjulpen, men ude af stand til at udf\u00f8re arbejdsm\u00e6ssige funktioner<\/td>\n<\/tr>\n<tr>\n<td align=\"left\">3<\/td>\n<td align=\"left\">I seng\/stol &gt; halvdelen af dagen og kun i begr\u00e6nset omfang i stand til at klare sig selv<\/td>\n<\/tr>\n<tr>\n<td align=\"left\">4<\/td>\n<td align=\"left\">Fuldst\u00e6ndig bundet til seng eller stol og har brug for hj\u00e6lp til alt<\/td>\n<\/tr>\n<tr>\n<td align=\"left\">5<\/td>\n<td align=\"left\">D\u00f8d<\/td>\n<\/tr>\n<\/tbody>\n<\/table>\n<\/div>\n<div class=\"fusion-separator fusion-full-width-sep\" style=\"align-self: center;margin-left: auto;margin-right: auto;margin-top:20px;margin-bottom:20px;width:100%;\"><\/div>\n<div class=\"table-1\">\n<table width=\"100%\">\n<thead>\n<tr>\n<th align=\"left\">GRAD<\/th>\n<th align=\"left\">KARNOFSKY PERFORMANCE STATUS<\/th>\n<\/tr>\n<\/thead>\n<tbody>\n<tr>\n<td align=\"left\">100<\/td>\n<td align=\"left\">Normal, ingen klager<\/td>\n<\/tr>\n<tr>\n<td align=\"left\">90<\/td>\n<td align=\"left\">Normal aktivitet, lette sygdomstegn eller symptomer<\/td>\n<\/tr>\n<tr>\n<td align=\"left\">80<\/td>\n<td align=\"left\">Normal aktivitet, men med besv\u00e6r<\/td>\n<\/tr>\n<tr>\n<td align=\"left\">70<\/td>\n<td align=\"left\">Selvhjulpen, nedsat aktivitet, kan ikke udf\u00f8re arbejde<\/td>\n<\/tr>\n<tr>\n<td align=\"left\">60<\/td>\n<td align=\"left\">Oppeg\u00e5ende, beh\u00f8ver nogen hj\u00e6lp, men er stort set selvhjulpen<\/td>\n<\/tr>\n<tr>\n<td align=\"left\">50<\/td>\n<td align=\"left\">Beh\u00f8ver hj\u00e6lp og pleje, begr\u00e6nset selvhjulpen<\/td>\n<\/tr>\n<tr>\n<td align=\"left\">40<\/td>\n<td align=\"left\">Invalideret, plejekr\u00e6vende<\/td>\n<\/tr>\n<tr>\n<td align=\"left\">30<\/td>\n<td align=\"left\">Invalideret, hospitalsindl\u00e6ggelse<\/td>\n<\/tr>\n<tr>\n<td align=\"left\">20<\/td>\n<td align=\"left\">Sv\u00e6rt syg, indl\u00e6ggelse n\u00f8dvendig<\/td>\n<\/tr>\n<tr>\n<td align=\"left\">10<\/td>\n<td align=\"left\">Moribund<\/td>\n<\/tr>\n<tr>\n<td align=\"left\">0<\/td>\n<td align=\"left\">D\u00f8d<\/td>\n<\/tr>\n<\/tbody>\n<\/table>\n<\/div>\n<\/div><\/div><\/div><\/div><div class=\"fusion-fullwidth fullwidth-box fusion-builder-row-4 fusion-flex-container has-pattern-background has-mask-background nonhundred-percent-fullwidth non-hundred-percent-height-scrolling\" style=\"--awb-border-radius-top-left:0px;--awb-border-radius-top-right:0px;--awb-border-radius-bottom-right:0px;--awb-border-radius-bottom-left:0px;--awb-flex-wrap:wrap;\" ><div class=\"fusion-builder-row fusion-row fusion-flex-align-items-flex-start fusion-flex-content-wrap\" style=\"max-width:1248px;margin-left: calc(-4% \/ 2 );margin-right: calc(-4% \/ 2 );\"><div class=\"fusion-layout-column fusion_builder_column fusion-builder-column-3 fusion_builder_column_1_1 1_1 fusion-flex-column\" style=\"--awb-bg-size:cover;--awb-width-large:100%;--awb-margin-top-large:0px;--awb-spacing-right-large:1.92%;--awb-margin-bottom-large:20px;--awb-spacing-left-large:1.92%;--awb-width-medium:100%;--awb-order-medium:0;--awb-spacing-right-medium:1.92%;--awb-spacing-left-medium:1.92%;--awb-width-small:100%;--awb-order-small:0;--awb-spacing-right-small:1.92%;--awb-spacing-left-small:1.92%;\"><div class=\"fusion-column-wrapper fusion-column-has-shadow fusion-flex-justify-content-flex-start fusion-content-layout-column\"><div class=\"fusion-title title fusion-title-3 fusion-sep-none fusion-title-text fusion-title-size-four\"><h4 class=\"fusion-title-heading title-heading-left\" style=\"margin:0;\">Referencer<\/h4><\/div><div class=\"fusion-text fusion-text-3\"><ol>\n<li><em>Oken, M.M., Creech, R.H., Tormey, D.C., Horton, J., Davis, T.E., McFadden, E.T., Carbone, P.P.: Toxicity And Response Criteria Of The Eastern Cooperative Oncology Group. Am J Clin Oncol 5:649-655, 1982<\/em><\/li>\n<li><em>Karnofsky DA, Burchenal JH. In: Evaluation of chemotherapeutic agents. MacLeod CM, editor. New York: Columbia University Press; 1949. The clinical evaluation of chemotherapeutic agents in cancer; pp. 191\u2013205<\/em><\/li>\n<\/ol>\n<\/div><\/div><\/div><div class=\"fusion-layout-column fusion_builder_column fusion-builder-column-4 fusion_builder_column_1_1 1_1 fusion-flex-column\" style=\"--awb-overflow:hidden;--awb-bg-size:cover;--awb-border-radius:7px 7px 7px 7px;--awb-width-large:100%;--awb-margin-top-large:0px;--awb-spacing-right-large:1.92%;--awb-margin-bottom-large:20px;--awb-spacing-left-large:1.92%;--awb-width-medium:100%;--awb-order-medium:0;--awb-spacing-right-medium:1.92%;--awb-spacing-left-medium:1.92%;--awb-width-small:100%;--awb-order-small:0;--awb-spacing-right-small:1.92%;--awb-spacing-left-small:1.92%;\" data-scroll-devices=\"small-visibility,medium-visibility,large-visibility\"><div class=\"fusion-column-wrapper fusion-column-has-shadow fusion-flex-justify-content-flex-start fusion-content-layout-column\"><div style=\"text-align:center;\"><a class=\"fusion-button button-flat fusion-button-default-size button-default fusion-button-default button-1 fusion-button-default-span fusion-button-default-type\" target=\"_self\" data-hover=\"icon_slide\" href=\"https:\/\/d1s07skqdwll4z.cloudfront.net\/da\/mrcc-tool\/4-treatment\/4-1-treatment-options-for-metastatic-renal-cell-carcinoma-mrcc\/\"><span class=\"fusion-button-text\">Forts\u00e6t til n\u00e6ste afsnit: 4.1 Behandlingsmuligheder ved mRCC<\/span><i class=\"fa-arrow-alt-circle-right fas button-icon-right\" aria-hidden=\"true\"><\/i><\/a><\/div><\/div><\/div><\/div><\/div><div class=\"fusion-fullwidth fullwidth-box fusion-builder-row-5 fusion-flex-container has-pattern-background has-mask-background nonhundred-percent-fullwidth non-hundred-percent-height-scrolling\" style=\"--awb-border-radius-top-left:7px;--awb-border-radius-top-right:7px;--awb-border-radius-bottom-right:7px;--awb-border-radius-bottom-left:7px;--awb-overflow:hidden;--awb-margin-top:4px;--awb-background-color:var(--awb-color3);--awb-flex-wrap:wrap;\" ><div class=\"fusion-builder-row fusion-row fusion-flex-align-items-flex-start fusion-flex-content-wrap\" style=\"max-width:1248px;margin-left: calc(-4% \/ 2 );margin-right: calc(-4% \/ 2 );\"><div class=\"fusion-layout-column fusion_builder_column fusion-builder-column-5 fusion_builder_column_1_1 1_1 fusion-flex-column\" style=\"--awb-bg-size:cover;--awb-width-large:100%;--awb-margin-top-large:0px;--awb-spacing-right-large:1.92%;--awb-margin-bottom-large:20px;--awb-spacing-left-large:1.92%;--awb-width-medium:100%;--awb-order-medium:0;--awb-spacing-right-medium:1.92%;--awb-spacing-left-medium:1.92%;--awb-width-small:100%;--awb-order-small:0;--awb-spacing-right-small:1.92%;--awb-spacing-left-small:1.92%;\"><div class=\"fusion-column-wrapper fusion-column-has-shadow fusion-flex-justify-content-flex-start fusion-content-layout-column\"><div class=\"fusion-title title fusion-title-4 fusion-title-center fusion-title-text fusion-title-size-five\" style=\"--awb-text-color:#c1c1c1;--awb-margin-top:25px;--awb-sep-color:#e2e2e2;\"><div class=\"title-sep-container title-sep-container-left\"><div class=\"title-sep sep-single sep-solid\" style=\"border-color:#e2e2e2;\"><\/div><\/div><span class=\"awb-title-spacer\"><\/span><h5 class=\"fusion-title-heading title-heading-center\" style=\"margin:0;\">Udforsk denne kapitelmenu<\/h5><span class=\"awb-title-spacer\"><\/span><div class=\"title-sep-container title-sep-container-right\"><div class=\"title-sep sep-single sep-solid\" style=\"border-color:#e2e2e2;\"><\/div><\/div><\/div><\/div><\/div><div class=\"fusion-layout-column fusion_builder_column fusion-builder-column-6 fusion_builder_column_1_6 1_6 fusion-flex-column\" style=\"--awb-bg-size:cover;--awb-width-large:16.666666666667%;--awb-margin-top-large:0px;--awb-spacing-right-large:11.52%;--awb-margin-bottom-large:20px;--awb-spacing-left-large:11.52%;--awb-width-medium:16.666666666667%;--awb-order-medium:0;--awb-spacing-right-medium:11.52%;--awb-spacing-left-medium:11.52%;--awb-width-small:100%;--awb-order-small:0;--awb-spacing-right-small:1.92%;--awb-spacing-left-small:1.92%;\"><div class=\"fusion-column-wrapper fusion-column-has-shadow fusion-flex-justify-content-flex-start fusion-content-layout-column\"><\/div><\/div><div class=\"fusion-layout-column fusion_builder_column fusion-builder-column-7 fusion_builder_column_2_3 2_3 fusion-flex-column\" style=\"--awb-bg-size:cover;--awb-width-large:66.666666666667%;--awb-margin-top-large:0px;--awb-spacing-right-large:2.88%;--awb-margin-bottom-large:20px;--awb-spacing-left-large:2.88%;--awb-width-medium:66.666666666667%;--awb-order-medium:0;--awb-spacing-right-medium:2.88%;--awb-spacing-left-medium:2.88%;--awb-width-small:100%;--awb-order-small:0;--awb-spacing-right-small:1.92%;--awb-spacing-left-small:1.92%;\"><div class=\"fusion-column-wrapper fusion-column-has-shadow fusion-flex-justify-content-flex-start fusion-content-layout-column\"><div style=\"text-align:center;\"><a class=\"fusion-button button-flat fusion-button-default-size button-custom fusion-button-default button-2 fusion-button-span-yes fusion-has-button-gradient\" style=\"--button_bevel_color:rgba(89,96,104,0.7);--button_bevel_color_hover:rgba(89,96,104,0.9);--button_accent_color:var(--awb-color6);--button_border_color:#e0e0e0;--button_accent_hover_color:var(--awb-color1);--button_border_hover_color:var(--awb-color3);--button_border_width-top:1px;--button_border_width-right:1px;--button_border_width-bottom:1px;--button_border_width-left:1px;--button_gradient_top_color:rgba(89,96,104,0.07);--button_gradient_bottom_color:rgba(89,96,104,0.33);--button_gradient_top_color_hover:#003c68;--button_gradient_bottom_color_hover:#003c68;--button_padding-top:20px;--button_padding-bottom:20px;--button_margin-top:15px;--button_margin-bottom:3px;\" target=\"_self\" data-hover=\"icon_slide\" href=\"https:\/\/d1s07skqdwll4z.cloudfront.net\/da\/mrcc-tool\/3-management-of-mrcc\/3-1-treatment-algorithm\/\"><span class=\"fusion-button-text\">3.1 Behandlingsalgoritme<\/span><i class=\"fa-angle-right fas button-icon-right\" aria-hidden=\"true\"><\/i><\/a><\/div><div style=\"text-align:center;\"><a class=\"fusion-button button-flat fusion-button-default-size button-custom fusion-button-default button-3 fusion-button-span-yes fusion-has-button-gradient\" style=\"--button_accent_color:var(--awb-color6);--button_border_color:#e0e0e0;--button_accent_hover_color:var(--awb-color1);--button_border_hover_color:var(--awb-color3);--button_border_width-top:1px;--button_border_width-right:1px;--button_border_width-bottom:1px;--button_border_width-left:1px;--button_gradient_top_color:rgba(89,96,104,0.07);--button_gradient_bottom_color:rgba(89,96,104,0.33);--button_gradient_top_color_hover:#003c68;--button_gradient_bottom_color_hover:#003c68;--button_padding-top:20px;--button_padding-bottom:20px;--button_margin-top:3px;--button_margin-bottom:3px;\" target=\"_self\" data-hover=\"icon_slide\" href=\"https:\/\/d1s07skqdwll4z.cloudfront.net\/da\/mrcc-tool\/3-management-of-mrcc\/3-2-treatment-criteria-for-initiation-of-tki\/\"><span class=\"fusion-button-text\">3.2 Behandlingskriterier ved p\u00e5begyndelse af TKI<\/span><i class=\"fa-angle-right fas button-icon-right\" aria-hidden=\"true\"><\/i><\/a><\/div><div style=\"text-align:center;\"><a class=\"fusion-button button-flat fusion-button-default-size button-custom fusion-button-default button-4 fusion-button-span-yes fusion-has-button-gradient\" style=\"--button_accent_color:var(--awb-color6);--button_border_color:#e0e0e0;--button_accent_hover_color:var(--awb-color1);--button_border_hover_color:var(--awb-color3);--button_border_width-top:1px;--button_border_width-right:1px;--button_border_width-bottom:1px;--button_border_width-left:1px;--button_gradient_top_color:rgba(89,96,104,0.07);--button_gradient_bottom_color:rgba(89,96,104,0.33);--button_gradient_top_color_hover:#003c68;--button_gradient_bottom_color_hover:#003c68;--button_padding-top:20px;--button_padding-bottom:20px;--button_margin-top:3px;--button_margin-bottom:3px;\" target=\"_self\" data-hover=\"icon_slide\" href=\"https:\/\/d1s07skqdwll4z.cloudfront.net\/da\/mrcc-tool\/3-management-of-mrcc\/3-3-treatment-criteria-for-initiation-of-checkpoint-inhibitors\/\"><span class=\"fusion-button-text\">3.3 Behandlingskriterier ved p\u00e5begyndelse af checkpoint inhibitorer<\/span><i class=\"fa-angle-right fas button-icon-right\" aria-hidden=\"true\"><\/i><\/a><\/div><div style=\"text-align:center;\"><a class=\"fusion-button button-flat fusion-button-default-size button-custom fusion-button-default button-5 fusion-button-span-yes fusion-has-button-gradient\" style=\"--button_accent_color:var(--awb-color6);--button_border_color:#e0e0e0;--button_accent_hover_color:var(--awb-color1);--button_border_hover_color:var(--awb-color3);--button_border_width-top:1px;--button_border_width-right:1px;--button_border_width-bottom:1px;--button_border_width-left:1px;--button_gradient_top_color:rgba(89,96,104,0.07);--button_gradient_bottom_color:rgba(89,96,104,0.33);--button_gradient_top_color_hover:#003c68;--button_gradient_bottom_color_hover:#003c68;--button_padding-top:20px;--button_padding-bottom:20px;--button_margin-top:3px;--button_margin-bottom:3px;\" target=\"_self\" data-hover=\"icon_slide\" href=\"https:\/\/d1s07skqdwll4z.cloudfront.net\/da\/mrcc-tool\/3-management-of-mrcc\/3-4-response-evaluation\/\"><span class=\"fusion-button-text\">3.4 Responsevaluering<\/span><i class=\"fa-angle-right fas button-icon-right\" aria-hidden=\"true\"><\/i><\/a><\/div><div style=\"text-align:center;\"><a class=\"fusion-button button-flat fusion-button-default-size button-custom fusion-button-default button-6 fusion-button-span-yes fusion-has-button-gradient\" style=\"--button_accent_color:var(--awb-color6);--button_border_color:#e0e0e0;--button_accent_hover_color:var(--awb-color1);--button_border_hover_color:var(--awb-color3);--button_border_width-top:1px;--button_border_width-right:1px;--button_border_width-bottom:1px;--button_border_width-left:1px;--button_gradient_top_color:rgba(89,96,104,0.07);--button_gradient_bottom_color:rgba(89,96,104,0.33);--button_gradient_top_color_hover:#003c68;--button_gradient_bottom_color_hover:#003c68;--button_padding-top:20px;--button_padding-bottom:20px;--button_margin-top:3px;--button_margin-bottom:3px;\" target=\"_self\" data-hover=\"icon_slide\" href=\"https:\/\/d1s07skqdwll4z.cloudfront.net\/da\/mrcc-tool\/3-management-of-mrcc\/3-5-malignant-hypercalcaemia\/\"><span class=\"fusion-button-text\">3.5 Malign hypercalc\u00e6mi<\/span><i class=\"fa-angle-right fas button-icon-right\" aria-hidden=\"true\"><\/i><\/a><\/div><div style=\"text-align:center;\"><a class=\"fusion-button button-flat fusion-button-default-size button-custom fusion-button-default button-7 fusion-button-span-yes fusion-has-button-gradient\" style=\"--button_accent_color:var(--awb-color6);--button_border_color:#e0e0e0;--button_accent_hover_color:var(--awb-color1);--button_border_hover_color:var(--awb-color3);--button_border_width-top:1px;--button_border_width-right:1px;--button_border_width-bottom:1px;--button_border_width-left:1px;--button_gradient_top_color:rgba(89,96,104,0.07);--button_gradient_bottom_color:rgba(89,96,104,0.33);--button_gradient_top_color_hover:#003c68;--button_gradient_bottom_color_hover:#003c68;--button_padding-top:20px;--button_padding-bottom:20px;--button_margin-top:3px;--button_margin-bottom:3px;\" target=\"_self\" data-hover=\"icon_slide\" href=\"https:\/\/d1s07skqdwll4z.cloudfront.net\/da\/mrcc-tool\/3-management-of-mrcc\/3-6-performance-status\/\"><span class=\"fusion-button-text\">3.6 Performance status<\/span><i class=\"fa-angle-right fas button-icon-right\" aria-hidden=\"true\"><\/i><\/a><\/div><\/div><\/div><div class=\"fusion-layout-column fusion_builder_column fusion-builder-column-8 fusion_builder_column_1_6 1_6 fusion-flex-column\" style=\"--awb-bg-size:cover;--awb-width-large:16.666666666667%;--awb-margin-top-large:0px;--awb-spacing-right-large:11.52%;--awb-margin-bottom-large:20px;--awb-spacing-left-large:11.52%;--awb-width-medium:16.666666666667%;--awb-order-medium:0;--awb-spacing-right-medium:11.52%;--awb-spacing-left-medium:11.52%;--awb-width-small:100%;--awb-order-small:0;--awb-spacing-right-small:1.92%;--awb-spacing-left-small:1.92%;\"><div class=\"fusion-column-wrapper fusion-column-has-shadow fusion-flex-justify-content-flex-start fusion-content-layout-column\"><\/div><\/div><\/div><\/div>\n<\/p>\n","protected":false},"excerpt":{"rendered":"","protected":false},"author":1,"featured_media":0,"parent":7511,"menu_order":0,"comment_status":"closed","ping_status":"closed","template":"100-width.php","meta":{"footnotes":""},"class_list":["post-7539","page","type-page","status-publish","hentry"],"_links":{"self":[{"href":"https:\/\/d1s07skqdwll4z.cloudfront.net\/da\/wp-json\/wp\/v2\/pages\/7539","targetHints":{"allow":["GET"]}}],"collection":[{"href":"https:\/\/d1s07skqdwll4z.cloudfront.net\/da\/wp-json\/wp\/v2\/pages"}],"about":[{"href":"https:\/\/d1s07skqdwll4z.cloudfront.net\/da\/wp-json\/wp\/v2\/types\/page"}],"author":[{"embeddable":true,"href":"https:\/\/d1s07skqdwll4z.cloudfront.net\/da\/wp-json\/wp\/v2\/users\/1"}],"replies":[{"embeddable":true,"href":"https:\/\/d1s07skqdwll4z.cloudfront.net\/da\/wp-json\/wp\/v2\/comments?post=7539"}],"version-history":[{"count":14,"href":"https:\/\/d1s07skqdwll4z.cloudfront.net\/da\/wp-json\/wp\/v2\/pages\/7539\/revisions"}],"predecessor-version":[{"id":11936,"href":"https:\/\/d1s07skqdwll4z.cloudfront.net\/da\/wp-json\/wp\/v2\/pages\/7539\/revisions\/11936"}],"up":[{"embeddable":true,"href":"https:\/\/d1s07skqdwll4z.cloudfront.net\/da\/wp-json\/wp\/v2\/pages\/7511"}],"wp:attachment":[{"href":"https:\/\/d1s07skqdwll4z.cloudfront.net\/da\/wp-json\/wp\/v2\/media?parent=7539"}],"curies":[{"name":"wp","href":"https:\/\/api.w.org\/{rel}","templated":true}]}}