{"id":7623,"date":"2023-08-18T05:12:21","date_gmt":"2023-08-18T05:12:21","guid":{"rendered":"http:\/\/d1s07skqdwll4z.cloudfront.net\/mrcc-tool\/5-toxicity-management\/5-4-interactions-between-medicinal-products\/"},"modified":"2024-03-28T17:13:02","modified_gmt":"2024-03-28T17:13:02","slug":"5-4-interactions-between-medicinal-products","status":"publish","type":"page","link":"https:\/\/d1s07skqdwll4z.cloudfront.net\/da\/mrcc-tool\/5-toxicity-management\/5-4-interactions-between-medicinal-products\/","title":{"rendered":"5.4 Interactions between medicinal products"},"content":{"rendered":"<p><div class=\"fusion-fullwidth fullwidth-box fusion-builder-row-1 fusion-flex-container has-pattern-background has-mask-background nonhundred-percent-fullwidth non-hundred-percent-height-scrolling\" style=\"--awb-border-radius-top-left:0px;--awb-border-radius-top-right:0px;--awb-border-radius-bottom-right:0px;--awb-border-radius-bottom-left:0px;--awb-padding-top:-60px;--awb-background-color:var(--awb-color3);--awb-flex-wrap:wrap;\" ><div class=\"fusion-builder-row fusion-row fusion-flex-align-items-flex-start fusion-flex-content-wrap\" style=\"max-width:1248px;margin-left: calc(-4% \/ 2 );margin-right: calc(-4% \/ 2 );\"><div class=\"fusion-layout-column fusion_builder_column fusion-builder-column-0 fusion_builder_column_1_1 1_1 fusion-flex-column\" style=\"--awb-bg-size:cover;--awb-width-large:100%;--awb-margin-top-large:0px;--awb-spacing-right-large:1.92%;--awb-margin-bottom-large:20px;--awb-spacing-left-large:1.92%;--awb-width-medium:100%;--awb-order-medium:0;--awb-spacing-right-medium:1.92%;--awb-spacing-left-medium:1.92%;--awb-width-small:100%;--awb-order-small:0;--awb-spacing-right-small:1.92%;--awb-spacing-left-small:1.92%;\"><div class=\"fusion-column-wrapper fusion-column-has-shadow fusion-flex-justify-content-flex-start fusion-content-layout-column\"><div class=\"fusion-search-element fusion-search-element-1 fusion-search-form-clean\" style=\"--awb-border-radius:7px;--awb-text-color:var(--awb-color8);--awb-border-color:var(--awb-color8);--awb-bg-color:var(--awb-color3);\">\t\t<form role=\"search\" class=\"searchform fusion-search-form  fusion-live-search fusion-search-form-clean\" method=\"get\" action=\"https:\/\/d1s07skqdwll4z.cloudfront.net\/da\/\">\n\t\t\t<div class=\"fusion-search-form-content\">\n\n\t\t\t\t\n\t\t\t\t<div class=\"fusion-search-field search-field\">\n\t\t\t\t\t<label><span class=\"screen-reader-text\">Search for:<\/span>\n\t\t\t\t\t\t\t\t\t\t\t\t\t<input type=\"search\" class=\"s fusion-live-search-input\" name=\"s\" id=\"fusion-live-search-input-0\" autocomplete=\"off\" placeholder=\"Search...\" required aria-required=\"true\" aria-label=\"Search...\"\/>\n\t\t\t\t\t\t\t\t\t\t\t<\/label>\n\t\t\t\t<\/div>\n\t\t\t\t<div class=\"fusion-search-button search-button\">\n\t\t\t\t\t<input type=\"submit\" class=\"fusion-search-submit searchsubmit\" aria-label=\"Search\" value=\"&#xf002;\" \/>\n\t\t\t\t\t\t\t\t\t\t<div class=\"fusion-slider-loading\"><\/div>\n\t\t\t\t\t\t\t\t\t<\/div>\n\n\t\t\t\t<input type=\"hidden\" name=\"post_type[]\" value=\"any\" \/><input type=\"hidden\" name=\"search_limit_to_post_titles\" value=\"0\" \/><input type=\"hidden\" name=\"live_min_character\" value=\"4\" \/><input type=\"hidden\" name=\"live_posts_per_page\" value=\"100\" \/><input type=\"hidden\" name=\"live_search_display_featured_image\" value=\"1\" \/><input type=\"hidden\" name=\"live_search_display_post_type\" value=\"1\" \/><input type=\"hidden\" name=\"fs\" value=\"1\" \/>\n\t\t\t<\/div>\n\n\n\t\t\t\t\t\t\t<div class=\"fusion-search-results-wrapper\"><div class=\"fusion-search-results\"><\/div><\/div>\n\t\t\t\n\t\t<\/form>\n\t\t<\/div><\/div><\/div><\/div><\/div><div class=\"fusion-fullwidth fullwidth-box fusion-builder-row-2 fusion-flex-container has-pattern-background has-mask-background nonhundred-percent-fullwidth non-hundred-percent-height-scrolling\" style=\"--awb-border-radius-top-left:0px;--awb-border-radius-top-right:0px;--awb-border-radius-bottom-right:0px;--awb-border-radius-bottom-left:0px;--awb-margin-top:4px;--awb-background-color:var(--awb-color3);--awb-flex-wrap:wrap;\" ><div class=\"fusion-builder-row fusion-row fusion-flex-align-items-flex-start fusion-flex-content-wrap\" style=\"max-width:1248px;margin-left: calc(-4% \/ 2 );margin-right: calc(-4% \/ 2 );\"><div class=\"fusion-layout-column fusion_builder_column fusion-builder-column-1 fusion_builder_column_1_1 1_1 fusion-flex-column\" style=\"--awb-bg-size:cover;--awb-width-large:100%;--awb-margin-top-large:0px;--awb-spacing-right-large:1.92%;--awb-margin-bottom-large:20px;--awb-spacing-left-large:1.92%;--awb-width-medium:100%;--awb-order-medium:0;--awb-spacing-right-medium:1.92%;--awb-spacing-left-medium:1.92%;--awb-width-small:100%;--awb-order-small:0;--awb-spacing-right-small:1.92%;--awb-spacing-left-small:1.92%;\"><div class=\"fusion-column-wrapper fusion-column-has-shadow fusion-flex-justify-content-flex-start fusion-content-layout-column\"><div class=\"fusion-title title fusion-title-1 fusion-title-center fusion-title-text fusion-title-size-five\" style=\"--awb-text-color:#c1c1c1;--awb-sep-color:#e2e2e2;\"><div class=\"title-sep-container title-sep-container-left\"><div class=\"title-sep sep-single sep-solid\" style=\"border-color:#e2e2e2;\"><\/div><\/div><span class=\"awb-title-spacer\"><\/span><h5 class=\"fusion-title-heading title-heading-center\" style=\"margin:0;\">5.4 L\u00e6gemiddelinteraktioner<\/h5><span class=\"awb-title-spacer\"><\/span><div class=\"title-sep-container title-sep-container-right\"><div class=\"title-sep sep-single sep-solid\" style=\"border-color:#e2e2e2;\"><\/div><\/div><\/div><\/div><\/div><\/div><\/div><div class=\"fusion-fullwidth fullwidth-box fusion-builder-row-3 fusion-flex-container has-pattern-background has-mask-background nonhundred-percent-fullwidth non-hundred-percent-height-scrolling\" style=\"--awb-border-radius-top-left:0px;--awb-border-radius-top-right:0px;--awb-border-radius-bottom-right:0px;--awb-border-radius-bottom-left:0px;--awb-margin-top:4px;--awb-background-color:var(--awb-color3);--awb-flex-wrap:wrap;\" ><div class=\"fusion-builder-row fusion-row fusion-flex-align-items-flex-start fusion-flex-content-wrap\" style=\"max-width:1248px;margin-left: calc(-4% \/ 2 );margin-right: calc(-4% \/ 2 );\"><div class=\"fusion-layout-column fusion_builder_column fusion-builder-column-2 fusion_builder_column_1_1 1_1 fusion-flex-column\" style=\"--awb-bg-size:cover;--awb-width-large:100%;--awb-margin-top-large:0px;--awb-spacing-right-large:1.92%;--awb-margin-bottom-large:20px;--awb-spacing-left-large:1.92%;--awb-width-medium:100%;--awb-order-medium:0;--awb-spacing-right-medium:1.92%;--awb-spacing-left-medium:1.92%;--awb-width-small:100%;--awb-order-small:0;--awb-spacing-right-small:1.92%;--awb-spacing-left-small:1.92%;\"><div class=\"fusion-column-wrapper fusion-column-has-shadow fusion-flex-justify-content-flex-start fusion-content-layout-column\"><div class=\"fusion-text fusion-text-1\"><p>De fleste TKI\u2019er metaboliseres i leveren, overvejende via cytokromenzymet CYP3A4.<\/p>\n<p>Der b\u00f8r derfor udvises forsigtighed, n\u00e5r en TKI administreres sammen med l\u00e6gemidler, der inducerer eller h\u00e6mmer CYP3A4.<\/p>\n<p><b><span style=\"color: var(--awb-text-color); font-family: var(--awb-text-font-family); font-size: var(--awb-font-size); font-style: var(--awb-text-font-style); letter-spacing: var(--awb-letter-spacing); text-align: var(--awb-content-alignment); text-transform: var(--awb-text-transform); background-color: var(--awb-bg-color-hover);\">Inhibitorer (h\u00e6mmere)<\/span>: <\/b>N\u00e5r et l\u00e6gemiddel for\u00e5rsager nedsat oms\u00e6tning af et andet l\u00e6gemiddel \u2013 \u00f8ges eksponeringen af l\u00e6gemidlet (\u00f8get koncentration og \u00f8get risiko for bivirkninger).<\/p>\n<p><span style=\"color: var(--awb-text-color); font-family: var(--awb-text-font-family); font-size: var(--awb-font-size); font-style: var(--awb-text-font-style); letter-spacing: var(--awb-letter-spacing); text-align: var(--awb-content-alignment); text-transform: var(--awb-text-transform); background-color: var(--awb-bg-color-hover);\"><b>Induktorer:<\/b><\/span> N\u00e5r et l\u00e6gemiddel for\u00e5rsager \u00f8get oms\u00e6tning af et andet l\u00e6gemiddel \u2013 neds\u00e6ttes eksponeringen af l\u00e6gemidlet (nedsat koncentration og virkning).<\/p>\n<\/div>\n<div class=\"table-1\">\n<table width=\"100%\">\n<thead>\n<tr>\n<th align=\"left\">INHIBITORER<\/th>\n<th align=\"left\">INDUKTORER<\/th>\n<\/tr>\n<\/thead>\n<tbody>\n<tr>\n<td align=\"left\">Grapefrugt\/grapefrugt-juice<\/td>\n<td align=\"left\">Barbiturater<\/td>\n<\/tr>\n<tr>\n<td align=\"left\">Clarithromycin<\/td>\n<td align=\"left\">Carbamazepin<\/td>\n<\/tr>\n<tr>\n<td align=\"left\">Erythromycin<\/td>\n<td align=\"left\">Phenytoin<\/td>\n<\/tr>\n<tr>\n<td align=\"left\">Fluconazol<\/td>\n<td align=\"left\">Rifampicin<\/td>\n<\/tr>\n<tr>\n<td align=\"left\">Itraconazol<\/td>\n<td align=\"left\">Griseofulvin<\/td>\n<\/tr>\n<tr>\n<td align=\"left\">Ketoconazol<\/td>\n<td align=\"left\">Nevirapi<\/td>\n<\/tr>\n<tr>\n<td align=\"left\">Miconazol<\/td>\n<td align=\"left\">Johannesurt<\/td>\n<\/tr>\n<tr>\n<td align=\"left\">Cyclosporin<\/td>\n<td align=\"left\">&nbsp;<\/td>\n<\/tr>\n<tr>\n<td align=\"left\">Indinavir<\/td>\n<td align=\"left\">&nbsp;<\/td>\n<\/tr>\n<tr>\n<td align=\"left\">Ritonavir<\/td>\n<td align=\"left\">&nbsp;<\/td>\n<\/tr>\n<tr>\n<td align=\"left\">Delavirdin<\/td>\n<td align=\"left\">&nbsp;<\/td>\n<\/tr>\n<tr>\n<td align=\"left\">Verapamil<\/td>\n<td align=\"left\">&nbsp;<\/td>\n<\/tr>\n<tr>\n<td align=\"left\">Nefazodon<\/td>\n<td align=\"left\">&nbsp;<\/td>\n<\/tr>\n<tr>\n<td align=\"left\">TAO<\/td>\n<td align=\"left\">&nbsp;<\/td>\n<\/tr>\n<\/tbody>\n<\/table>\n<\/div>\n<div class=\"fusion-separator fusion-full-width-sep\" style=\"align-self: center;margin-left: auto;margin-right: auto;margin-top:20px;margin-bottom:20px;width:100%;\"><\/div><div class=\"fusion-title title fusion-title-2 fusion-sep-none fusion-title-text fusion-title-size-four\"><h4 class=\"fusion-title-heading title-heading-left\" style=\"margin:0;\">Pazopanib og statiner<\/h4><\/div><div class=\"fusion-text fusion-text-2\"><section class=\"av_textblock_section \">\n<div class=\"avia_textblock \">\n<p>Samtidig brug af <a class=\"exitNotifierLink\" href=\"https:\/\/www.ema.europa.eu\/en\/documents\/product-information\/votrient-epar-product-information_da.pdf\" target=\"_blank\" rel=\"noopener noreferrer\">Pazopanib<\/a> og simvastatin \u00f8ger forekomsten af forh\u00f8jet ALAT-niveau. Det anbefales derfor at pausere med simvastatin (og andre statiner) ifm. p\u00e5begyndelse af Pazopanib.<\/p>\n<\/div>\n<\/section>\n<\/div><div class=\"fusion-title title fusion-title-3 fusion-sep-none fusion-title-text fusion-title-size-four\"><h4 class=\"fusion-title-heading title-heading-left\" style=\"margin:0;\">Pazopanib og l\u00e6gemidler til modificering af gastrisk pH<\/h4><\/div><div class=\"fusion-text fusion-text-3\"><section class=\"av_textblock_section \">\n<div class=\"avia_textblock \">\n<p>Samtidig administration af <a class=\"exitNotifierLink\" href=\"https:\/\/www.ema.europa.eu\/en\/documents\/product-information\/votrient-epar-product-information_da.pdf\" target=\"_blank\" rel=\"noopener noreferrer\">Pazopanib<\/a> og protonpumpe-h\u00e6mmer (PPI \u2013 pantoprazol) eller H2-receptorantagonist (Kuracid) kan neds\u00e6tte biotilg\u00e6ngeligheden af Pazopanib. Hvis det er n\u00f8dvendigt at anvende:<\/p>\n<ul>\n<li>PPI anbefales det, at Pazopanib tages uden mad om aftenen sammen med PPI<\/li>\n<li>H2-receptorantagonist anbefales det, at tage Pazopanib mindst 1 time f\u00f8r eller 10 timer efter dosis af H2-receptorantagonist.<\/li>\n<\/ul>\n<\/div>\n<\/section>\n<\/div><div class=\"fusion-title title fusion-title-4 fusion-sep-none fusion-title-text fusion-title-size-four\"><h4 class=\"fusion-title-heading title-heading-left\" style=\"margin:0;\">Cabozantinib og MRP2-h\u00e6mmere<\/h4><\/div><div class=\"fusion-text fusion-text-4\"><section class=\"av_textblock_section \">\n<div class=\"avia_textblock \">\n<p>Samtidig administration af MRP2-h\u00e6mmer (ciclosporin, efavirens, emtricitabin) og <a class=\"exitNotifierLink\" href=\"https:\/\/www.ema.europa.eu\/en\/documents\/product-information\/cabometyx-epar-product-information_da.pdf\" target=\"_blank\" rel=\"noopener noreferrer\">Cabozantinib<\/a> kan resultere i \u00f8get Cabozantinib-plasmakoncentration. Der skal derfor udvises forsigtighed ved samtidig anvendelse af ovenst\u00e5ende pr\u00e6parater.<\/p>\n<\/div>\n<\/section>\n<\/div><div class=\"fusion-title title fusion-title-5 fusion-sep-none fusion-title-text fusion-title-size-four\"><h4 class=\"fusion-title-heading title-heading-left\" style=\"margin:0;\">Tivozanib og Rosuvastatin<\/h4><\/div><div class=\"fusion-text fusion-text-5\"><section class=\"av_textblock_section \">\n<div class=\"avia_textblock \">\n<p><a class=\"exitNotifierLink\" href=\"https:\/\/www.ema.europa.eu\/en\/documents\/product-information\/fotivda-epar-product-information_da.pdf\" target=\"_blank\" rel=\"noopener noreferrer\">Tivozanib<\/a> h\u00e6mmer transport\u00f8rproteinet BCRP in vitro, men den kliniske relevans af dette fund er ukendt. Der skal udvises forsigtighed, hvis tivozanib administreres samtidig med rosuvastatin.<\/p>\n<\/div>\n<\/section>\n<\/div><\/div><\/div><\/div><\/div><div class=\"fusion-fullwidth fullwidth-box fusion-builder-row-4 fusion-flex-container has-pattern-background has-mask-background nonhundred-percent-fullwidth non-hundred-percent-height-scrolling\" style=\"--awb-border-radius-top-left:7px;--awb-border-radius-top-right:7px;--awb-border-radius-bottom-right:7px;--awb-border-radius-bottom-left:7px;--awb-overflow:hidden;--awb-margin-top:4px;--awb-background-color:var(--awb-color3);--awb-flex-wrap:wrap;\" ><div class=\"fusion-builder-row fusion-row fusion-flex-align-items-flex-start fusion-flex-content-wrap\" style=\"max-width:1248px;margin-left: calc(-4% \/ 2 );margin-right: calc(-4% \/ 2 );\"><div class=\"fusion-layout-column fusion_builder_column fusion-builder-column-3 fusion_builder_column_1_1 1_1 fusion-flex-column\" style=\"--awb-bg-size:cover;--awb-width-large:100%;--awb-margin-top-large:0px;--awb-spacing-right-large:1.92%;--awb-margin-bottom-large:20px;--awb-spacing-left-large:1.92%;--awb-width-medium:100%;--awb-order-medium:0;--awb-spacing-right-medium:1.92%;--awb-spacing-left-medium:1.92%;--awb-width-small:100%;--awb-order-small:0;--awb-spacing-right-small:1.92%;--awb-spacing-left-small:1.92%;\"><div class=\"fusion-column-wrapper fusion-column-has-shadow fusion-flex-justify-content-flex-start fusion-content-layout-column\"><div class=\"fusion-title title fusion-title-6 fusion-title-center fusion-title-text fusion-title-size-five\" style=\"--awb-text-color:#c1c1c1;--awb-margin-top:25px;--awb-sep-color:#e2e2e2;\"><div class=\"title-sep-container title-sep-container-left\"><div class=\"title-sep sep-single sep-solid\" style=\"border-color:#e2e2e2;\"><\/div><\/div><span class=\"awb-title-spacer\"><\/span><h5 class=\"fusion-title-heading title-heading-center\" style=\"margin:0;\">Oversigt over alle kapitler<\/h5><span class=\"awb-title-spacer\"><\/span><div class=\"title-sep-container title-sep-container-right\"><div class=\"title-sep sep-single sep-solid\" style=\"border-color:#e2e2e2;\"><\/div><\/div><\/div><\/div><\/div><div class=\"fusion-layout-column fusion_builder_column fusion-builder-column-4 fusion_builder_column_1_6 1_6 fusion-flex-column\" style=\"--awb-bg-size:cover;--awb-width-large:16.666666666667%;--awb-margin-top-large:0px;--awb-spacing-right-large:11.52%;--awb-margin-bottom-large:20px;--awb-spacing-left-large:11.52%;--awb-width-medium:16.666666666667%;--awb-order-medium:0;--awb-spacing-right-medium:11.52%;--awb-spacing-left-medium:11.52%;--awb-width-small:100%;--awb-order-small:0;--awb-spacing-right-small:1.92%;--awb-spacing-left-small:1.92%;\"><div class=\"fusion-column-wrapper fusion-column-has-shadow fusion-flex-justify-content-flex-start fusion-content-layout-column\"><\/div><\/div><div class=\"fusion-layout-column fusion_builder_column fusion-builder-column-5 fusion_builder_column_2_3 2_3 fusion-flex-column\" style=\"--awb-bg-size:cover;--awb-width-large:66.666666666667%;--awb-margin-top-large:0px;--awb-spacing-right-large:2.88%;--awb-margin-bottom-large:20px;--awb-spacing-left-large:2.88%;--awb-width-medium:66.666666666667%;--awb-order-medium:0;--awb-spacing-right-medium:2.88%;--awb-spacing-left-medium:2.88%;--awb-width-small:100%;--awb-order-small:0;--awb-spacing-right-small:1.92%;--awb-spacing-left-small:1.92%;\"><div class=\"fusion-column-wrapper fusion-column-has-shadow fusion-flex-justify-content-flex-start fusion-content-layout-column\"><div style=\"text-align:center;\"><a class=\"fusion-button button-flat fusion-button-default-size button-custom fusion-button-default button-1 fusion-button-span-yes fusion-has-button-gradient\" style=\"--button_bevel_color:rgba(89,96,104,0.7);--button_bevel_color_hover:rgba(89,96,104,0.9);--button_accent_color:var(--awb-color6);--button_border_color:#e0e0e0;--button_accent_hover_color:var(--awb-color1);--button_border_hover_color:var(--awb-color3);--button_border_width-top:1px;--button_border_width-right:1px;--button_border_width-bottom:1px;--button_border_width-left:1px;--button_gradient_top_color:rgba(89,96,104,0.07);--button_gradient_bottom_color:rgba(89,96,104,0.33);--button_gradient_top_color_hover:#003c68;--button_gradient_bottom_color_hover:#003c68;--button_padding-top:20px;--button_padding-bottom:20px;--button_margin-top:15px;--button_margin-bottom:3px;\" target=\"_self\" data-hover=\"icon_slide\" href=\"https:\/\/d1s07skqdwll4z.cloudfront.net\/da\/mrcc-tool\/1-introduction-rcc\/\"><span class=\"fusion-button-text\">1. Introduktion til RCC<\/span><i class=\"fa-angle-right fas button-icon-right\" aria-hidden=\"true\"><\/i><\/a><\/div><div style=\"text-align:center;\"><a class=\"fusion-button button-flat fusion-button-default-size button-custom fusion-button-default button-2 fusion-button-span-yes fusion-has-button-gradient\" style=\"--button_accent_color:var(--awb-color6);--button_border_color:#e0e0e0;--button_accent_hover_color:var(--awb-color1);--button_border_hover_color:var(--awb-color3);--button_border_width-top:1px;--button_border_width-right:1px;--button_border_width-bottom:1px;--button_border_width-left:1px;--button_gradient_top_color:rgba(89,96,104,0.07);--button_gradient_bottom_color:rgba(89,96,104,0.33);--button_gradient_top_color_hover:#003c68;--button_gradient_bottom_color_hover:#003c68;--button_padding-top:20px;--button_padding-bottom:20px;--button_margin-top:3px;--button_margin-bottom:3px;\" target=\"_self\" data-hover=\"icon_slide\" href=\"https:\/\/d1s07skqdwll4z.cloudfront.net\/da\/mrcc-tool\/2-symptoms-and-diagnosis\/\"><span class=\"fusion-button-text\">2. Symptomer og diagnose<\/span><i class=\"fa-angle-right fas button-icon-right\" aria-hidden=\"true\"><\/i><\/a><\/div><div style=\"text-align:center;\"><a class=\"fusion-button button-flat fusion-button-default-size button-custom fusion-button-default button-3 fusion-button-span-yes fusion-has-button-gradient\" style=\"--button_accent_color:var(--awb-color6);--button_border_color:#e0e0e0;--button_accent_hover_color:var(--awb-color1);--button_border_hover_color:var(--awb-color3);--button_border_width-top:1px;--button_border_width-right:1px;--button_border_width-bottom:1px;--button_border_width-left:1px;--button_gradient_top_color:rgba(89,96,104,0.07);--button_gradient_bottom_color:rgba(89,96,104,0.33);--button_gradient_top_color_hover:#003c68;--button_gradient_bottom_color_hover:#003c68;--button_padding-top:20px;--button_padding-bottom:20px;--button_margin-top:3px;--button_margin-bottom:3px;\" target=\"_self\" data-hover=\"icon_slide\" href=\"https:\/\/d1s07skqdwll4z.cloudfront.net\/da\/mrcc-tool\/3-management-of-mrcc\/\"><span class=\"fusion-button-text\">3. H\u00e5ndtering af mRCC<\/span><i class=\"fa-angle-right fas button-icon-right\" aria-hidden=\"true\"><\/i><\/a><\/div><div style=\"text-align:center;\"><a class=\"fusion-button button-flat fusion-button-default-size button-custom fusion-button-default button-4 fusion-button-span-yes fusion-has-button-gradient\" style=\"--button_accent_color:var(--awb-color6);--button_border_color:#e0e0e0;--button_accent_hover_color:var(--awb-color1);--button_border_hover_color:var(--awb-color3);--button_border_width-top:1px;--button_border_width-right:1px;--button_border_width-bottom:1px;--button_border_width-left:1px;--button_gradient_top_color:rgba(89,96,104,0.07);--button_gradient_bottom_color:rgba(89,96,104,0.33);--button_gradient_top_color_hover:#003c68;--button_gradient_bottom_color_hover:#003c68;--button_padding-top:20px;--button_padding-bottom:20px;--button_margin-top:3px;--button_margin-bottom:3px;\" target=\"_self\" data-hover=\"icon_slide\" href=\"https:\/\/d1s07skqdwll4z.cloudfront.net\/da\/mrcc-tool\/4-treatment\/\"><span class=\"fusion-button-text\">4. Behandling<\/span><i class=\"fa-angle-right fas button-icon-right\" aria-hidden=\"true\"><\/i><\/a><\/div><div style=\"text-align:center;\"><a class=\"fusion-button button-flat fusion-button-default-size button-custom fusion-button-default button-5 fusion-button-span-yes fusion-has-button-gradient\" style=\"--button_accent_color:var(--awb-color6);--button_border_color:#e0e0e0;--button_accent_hover_color:var(--awb-color1);--button_border_hover_color:var(--awb-color3);--button_border_width-top:1px;--button_border_width-right:1px;--button_border_width-bottom:1px;--button_border_width-left:1px;--button_gradient_top_color:rgba(89,96,104,0.07);--button_gradient_bottom_color:rgba(89,96,104,0.33);--button_gradient_top_color_hover:#003c68;--button_gradient_bottom_color_hover:#003c68;--button_padding-top:20px;--button_padding-bottom:20px;--button_margin-top:3px;--button_margin-bottom:3px;\" target=\"_self\" data-hover=\"icon_slide\" href=\"https:\/\/d1s07skqdwll4z.cloudfront.net\/da\/mrcc-tool\/5-toxicity-management\/\"><span class=\"fusion-button-text\">5. Toksiciteter<\/span><i class=\"fa-angle-right fas button-icon-right\" aria-hidden=\"true\"><\/i><\/a><\/div><div style=\"text-align:center;\"><a class=\"fusion-button button-flat fusion-button-default-size button-custom fusion-button-default button-6 fusion-button-span-yes fusion-has-button-gradient\" style=\"--button_accent_color:var(--awb-color6);--button_border_color:#e0e0e0;--button_accent_hover_color:var(--awb-color1);--button_border_hover_color:var(--awb-color3);--button_border_width-top:1px;--button_border_width-right:1px;--button_border_width-bottom:1px;--button_border_width-left:1px;--button_gradient_top_color:rgba(89,96,104,0.07);--button_gradient_bottom_color:rgba(89,96,104,0.33);--button_gradient_top_color_hover:#003c68;--button_gradient_bottom_color_hover:#003c68;--button_padding-top:20px;--button_padding-bottom:20px;--button_margin-top:3px;--button_margin-bottom:3px;\" target=\"_self\" data-hover=\"icon_slide\" href=\"https:\/\/d1s07skqdwll4z.cloudfront.net\/da\/frequently-asked-questions-faqs\/\"><span class=\"fusion-button-text\">6. Ofte stillede sp\u00f8rgsm\u00e5l<\/span><i class=\"fa-angle-right fas button-icon-right\" aria-hidden=\"true\"><\/i><\/a><\/div><\/div><\/div><div class=\"fusion-layout-column fusion_builder_column fusion-builder-column-6 fusion_builder_column_1_6 1_6 fusion-flex-column\" style=\"--awb-bg-size:cover;--awb-width-large:16.666666666667%;--awb-margin-top-large:0px;--awb-spacing-right-large:11.52%;--awb-margin-bottom-large:20px;--awb-spacing-left-large:11.52%;--awb-width-medium:16.666666666667%;--awb-order-medium:0;--awb-spacing-right-medium:11.52%;--awb-spacing-left-medium:11.52%;--awb-width-small:100%;--awb-order-small:0;--awb-spacing-right-small:1.92%;--awb-spacing-left-small:1.92%;\"><div class=\"fusion-column-wrapper fusion-column-has-shadow fusion-flex-justify-content-flex-start fusion-content-layout-column\"><\/div><\/div><\/div><\/div>\n<\/p>\n","protected":false},"excerpt":{"rendered":"","protected":false},"author":1,"featured_media":0,"parent":7567,"menu_order":0,"comment_status":"closed","ping_status":"closed","template":"100-width.php","meta":{"footnotes":""},"class_list":["post-7623","page","type-page","status-publish","hentry"],"_links":{"self":[{"href":"https:\/\/d1s07skqdwll4z.cloudfront.net\/da\/wp-json\/wp\/v2\/pages\/7623","targetHints":{"allow":["GET"]}}],"collection":[{"href":"https:\/\/d1s07skqdwll4z.cloudfront.net\/da\/wp-json\/wp\/v2\/pages"}],"about":[{"href":"https:\/\/d1s07skqdwll4z.cloudfront.net\/da\/wp-json\/wp\/v2\/types\/page"}],"author":[{"embeddable":true,"href":"https:\/\/d1s07skqdwll4z.cloudfront.net\/da\/wp-json\/wp\/v2\/users\/1"}],"replies":[{"embeddable":true,"href":"https:\/\/d1s07skqdwll4z.cloudfront.net\/da\/wp-json\/wp\/v2\/comments?post=7623"}],"version-history":[{"count":8,"href":"https:\/\/d1s07skqdwll4z.cloudfront.net\/da\/wp-json\/wp\/v2\/pages\/7623\/revisions"}],"predecessor-version":[{"id":11116,"href":"https:\/\/d1s07skqdwll4z.cloudfront.net\/da\/wp-json\/wp\/v2\/pages\/7623\/revisions\/11116"}],"up":[{"embeddable":true,"href":"https:\/\/d1s07skqdwll4z.cloudfront.net\/da\/wp-json\/wp\/v2\/pages\/7567"}],"wp:attachment":[{"href":"https:\/\/d1s07skqdwll4z.cloudfront.net\/da\/wp-json\/wp\/v2\/media?parent=7623"}],"curies":[{"name":"wp","href":"https:\/\/api.w.org\/{rel}","templated":true}]}}