{"id":7497,"date":"2023-08-16T08:21:06","date_gmt":"2023-08-16T08:21:06","guid":{"rendered":"http:\/\/d1s07skqdwll4z.cloudfront.net\/mrcc-tool\/2-symptoms-and-diagnosis\/2-2-investigation-of-suspected-kidney-cancer\/"},"modified":"2025-02-10T09:09:35","modified_gmt":"2025-02-10T09:09:35","slug":"2-2-investigation-of-suspected-kidney-cancer","status":"publish","type":"page","link":"https:\/\/d1s07skqdwll4z.cloudfront.net\/no\/mrcc-tool\/2-symptoms-and-diagnosis\/2-2-investigation-of-suspected-kidney-cancer\/","title":{"rendered":"2.2 Investigation of suspected kidney cancer"},"content":{"rendered":"<p><div class=\"fusion-fullwidth fullwidth-box fusion-builder-row-1 fusion-flex-container has-pattern-background has-mask-background nonhundred-percent-fullwidth non-hundred-percent-height-scrolling\" style=\"--awb-border-radius-top-left:0px;--awb-border-radius-top-right:0px;--awb-border-radius-bottom-right:0px;--awb-border-radius-bottom-left:0px;--awb-padding-top:-60px;--awb-background-color:var(--awb-color3);--awb-flex-wrap:wrap;\" ><div class=\"fusion-builder-row fusion-row fusion-flex-align-items-flex-start fusion-flex-content-wrap\" style=\"max-width:1248px;margin-left: calc(-4% \/ 2 );margin-right: calc(-4% \/ 2 );\"><div class=\"fusion-layout-column fusion_builder_column fusion-builder-column-0 fusion_builder_column_1_1 1_1 fusion-flex-column\" style=\"--awb-bg-size:cover;--awb-width-large:100%;--awb-margin-top-large:0px;--awb-spacing-right-large:1.92%;--awb-margin-bottom-large:20px;--awb-spacing-left-large:1.92%;--awb-width-medium:100%;--awb-order-medium:0;--awb-spacing-right-medium:1.92%;--awb-spacing-left-medium:1.92%;--awb-width-small:100%;--awb-order-small:0;--awb-spacing-right-small:1.92%;--awb-spacing-left-small:1.92%;\"><div class=\"fusion-column-wrapper fusion-column-has-shadow fusion-flex-justify-content-flex-start fusion-content-layout-column\"><div class=\"fusion-search-element fusion-search-element-1 fusion-search-form-clean\" style=\"--awb-border-radius:7px;--awb-text-color:var(--awb-color8);--awb-border-color:var(--awb-color8);--awb-bg-color:var(--awb-color3);\">\t\t<form role=\"search\" class=\"searchform fusion-search-form  fusion-live-search fusion-search-form-clean\" method=\"get\" action=\"https:\/\/d1s07skqdwll4z.cloudfront.net\/no\/\">\n\t\t\t<div class=\"fusion-search-form-content\">\n\n\t\t\t\t\n\t\t\t\t<div class=\"fusion-search-field search-field\">\n\t\t\t\t\t<label><span class=\"screen-reader-text\">Search for:<\/span>\n\t\t\t\t\t\t\t\t\t\t\t\t\t<input type=\"search\" class=\"s fusion-live-search-input\" name=\"s\" id=\"fusion-live-search-input-0\" autocomplete=\"off\" placeholder=\"Search...\" required aria-required=\"true\" aria-label=\"Search...\"\/>\n\t\t\t\t\t\t\t\t\t\t\t<\/label>\n\t\t\t\t<\/div>\n\t\t\t\t<div class=\"fusion-search-button search-button\">\n\t\t\t\t\t<input type=\"submit\" class=\"fusion-search-submit searchsubmit\" aria-label=\"Search\" value=\"&#xf002;\" \/>\n\t\t\t\t\t\t\t\t\t\t<div class=\"fusion-slider-loading\"><\/div>\n\t\t\t\t\t\t\t\t\t<\/div>\n\n\t\t\t\t<input type=\"hidden\" name=\"post_type[]\" value=\"any\" \/><input type=\"hidden\" name=\"search_limit_to_post_titles\" value=\"0\" \/><input type=\"hidden\" name=\"live_min_character\" value=\"4\" \/><input type=\"hidden\" name=\"live_posts_per_page\" value=\"100\" \/><input type=\"hidden\" name=\"live_search_display_featured_image\" value=\"1\" \/><input type=\"hidden\" name=\"live_search_display_post_type\" value=\"1\" \/><input type=\"hidden\" name=\"fs\" value=\"1\" \/>\n\t\t\t<\/div>\n\n\n\t\t\t\t\t\t\t<div class=\"fusion-search-results-wrapper\"><div class=\"fusion-search-results\"><\/div><\/div>\n\t\t\t\n\t\t<\/form>\n\t\t<\/div><\/div><\/div><\/div><\/div><div class=\"fusion-fullwidth fullwidth-box fusion-builder-row-2 fusion-flex-container has-pattern-background has-mask-background nonhundred-percent-fullwidth non-hundred-percent-height-scrolling\" style=\"--awb-border-radius-top-left:0px;--awb-border-radius-top-right:0px;--awb-border-radius-bottom-right:0px;--awb-border-radius-bottom-left:0px;--awb-margin-top:4px;--awb-background-color:var(--awb-color3);--awb-flex-wrap:wrap;\" ><div class=\"fusion-builder-row fusion-row fusion-flex-align-items-flex-start fusion-flex-content-wrap\" style=\"max-width:1248px;margin-left: calc(-4% \/ 2 );margin-right: calc(-4% \/ 2 );\"><div class=\"fusion-layout-column fusion_builder_column fusion-builder-column-1 fusion_builder_column_1_1 1_1 fusion-flex-column\" style=\"--awb-bg-size:cover;--awb-width-large:100%;--awb-margin-top-large:0px;--awb-spacing-right-large:1.92%;--awb-margin-bottom-large:20px;--awb-spacing-left-large:1.92%;--awb-width-medium:100%;--awb-order-medium:0;--awb-spacing-right-medium:1.92%;--awb-spacing-left-medium:1.92%;--awb-width-small:100%;--awb-order-small:0;--awb-spacing-right-small:1.92%;--awb-spacing-left-small:1.92%;\"><div class=\"fusion-column-wrapper fusion-column-has-shadow fusion-flex-justify-content-flex-start fusion-content-layout-column\"><div class=\"fusion-title title fusion-title-1 fusion-title-center fusion-title-text fusion-title-size-five\" style=\"--awb-text-color:#c1c1c1;--awb-sep-color:#e2e2e2;\"><div class=\"title-sep-container title-sep-container-left\"><div class=\"title-sep sep-single sep-solid\" style=\"border-color:#e2e2e2;\"><\/div><\/div><span class=\"awb-title-spacer\"><\/span><h5 class=\"fusion-title-heading title-heading-center\" style=\"margin:0;\">2.2 Utredning ved mistenkt nyrekreft<sup>1-3<\/sup><\/h5><span class=\"awb-title-spacer\"><\/span><div class=\"title-sep-container title-sep-container-right\"><div class=\"title-sep sep-single sep-solid\" style=\"border-color:#e2e2e2;\"><\/div><\/div><\/div><\/div><\/div><\/div><\/div><div class=\"fusion-fullwidth fullwidth-box fusion-builder-row-3 fusion-flex-container has-pattern-background has-mask-background nonhundred-percent-fullwidth non-hundred-percent-height-scrolling\" style=\"--awb-border-radius-top-left:0px;--awb-border-radius-top-right:0px;--awb-border-radius-bottom-right:0px;--awb-border-radius-bottom-left:0px;--awb-margin-top:4px;--awb-background-color:var(--awb-color3);--awb-flex-wrap:wrap;\" ><div class=\"fusion-builder-row fusion-row fusion-flex-align-items-flex-start fusion-flex-content-wrap\" style=\"max-width:1248px;margin-left: calc(-4% \/ 2 );margin-right: calc(-4% \/ 2 );\"><div class=\"fusion-layout-column fusion_builder_column fusion-builder-column-2 fusion_builder_column_1_1 1_1 fusion-flex-column\" style=\"--awb-bg-size:cover;--awb-width-large:100%;--awb-margin-top-large:0px;--awb-spacing-right-large:1.92%;--awb-margin-bottom-large:20px;--awb-spacing-left-large:1.92%;--awb-width-medium:100%;--awb-order-medium:0;--awb-spacing-right-medium:1.92%;--awb-spacing-left-medium:1.92%;--awb-width-small:100%;--awb-order-small:0;--awb-spacing-right-small:1.92%;--awb-spacing-left-small:1.92%;\"><div class=\"fusion-column-wrapper fusion-column-has-shadow fusion-flex-justify-content-flex-start fusion-content-layout-column\"><div class=\"fusion-text fusion-text-1\"><p>Ved mistanke om nyrekreft henvises pasienten til urologisk avdeling for videre utredning og eventuell behandling.<\/p>\n<\/div><div class=\"fusion-image-element \" style=\"text-align:center;--awb-margin-top:20px;--awb-margin-bottom:20px;--awb-max-width:77%;--awb-caption-title-font-family:var(--h2_typography-font-family);--awb-caption-title-font-weight:var(--h2_typography-font-weight);--awb-caption-title-font-style:var(--h2_typography-font-style);--awb-caption-title-size:var(--h2_typography-font-size);--awb-caption-title-transform:var(--h2_typography-text-transform);--awb-caption-title-line-height:var(--h2_typography-line-height);--awb-caption-title-letter-spacing:var(--h2_typography-letter-spacing);\"><span class=\" fusion-imageframe imageframe-none imageframe-1 hover-type-none\"><img decoding=\"async\" width=\"1701\" height=\"1155\" title=\"2.2_1_NO\" src=\"https:\/\/wave-eu-west-1.s3.eu-west-1.amazonaws.com\/websites\/oncologynow_eu\/wp-content\/uploads\/2023\/11\/16120303\/2.2_1_NO.jpg\" alt class=\"img-responsive wp-image-9610\" srcset=\"https:\/\/wave-eu-west-1.s3.eu-west-1.amazonaws.com\/websites\/oncologynow_eu\/wp-content\/uploads\/2023\/11\/16120303\/2.2_1_NO-200x136.jpg 200w, https:\/\/wave-eu-west-1.s3.eu-west-1.amazonaws.com\/websites\/oncologynow_eu\/wp-content\/uploads\/2023\/11\/16120303\/2.2_1_NO-400x272.jpg 400w, https:\/\/wave-eu-west-1.s3.eu-west-1.amazonaws.com\/websites\/oncologynow_eu\/wp-content\/uploads\/2023\/11\/16120303\/2.2_1_NO-600x407.jpg 600w, https:\/\/wave-eu-west-1.s3.eu-west-1.amazonaws.com\/websites\/oncologynow_eu\/wp-content\/uploads\/2023\/11\/16120303\/2.2_1_NO-800x543.jpg 800w, https:\/\/wave-eu-west-1.s3.eu-west-1.amazonaws.com\/websites\/oncologynow_eu\/wp-content\/uploads\/2023\/11\/16120303\/2.2_1_NO-1200x815.jpg 1200w, https:\/\/wave-eu-west-1.s3.eu-west-1.amazonaws.com\/websites\/oncologynow_eu\/wp-content\/uploads\/2023\/11\/16120303\/2.2_1_NO.jpg 1701w\" sizes=\"(max-width: 640px) 100vw, 1200px\" \/><\/span><\/div><div class=\"fusion-title title fusion-title-2 fusion-sep-none fusion-title-text fusion-title-size-four\"><h4 class=\"fusion-title-heading title-heading-left\" style=\"margin:0;\">Utredningen av nyrekreft omfatter:<\/h4><\/div><div class=\"fusion-text fusion-text-2\"><ul>\n<li>Medisinsk journalf\u00f8ring med fokus p\u00e5 symptomer, familiehistorikk, risikofaktorer, komorbiditet samt full fysisk unders\u00f8kelse<\/li>\n<li>Urinpr\u00f8vestrimmel for m\u00e5ling av protein, blod, leukocytter og nitritt<\/li>\n<li>Blodpr\u00f8ver + EKG\n<ul>\n<li>Hematologi (Hb, leukocytter med differensialtelling + trombocytter)<\/li>\n<li>V\u00e6skeverdier (kreatinin, urea, natrium og kalium), inkl. ionisert kalsium<\/li>\n<li>Leververdier (ALAT, ASAT, alkalisk fosfatase, bilirubin og LDH) og koagulasjonsverdier (INR og APTT)<\/li>\n<li>CRP<\/li>\n<\/ul>\n<\/li>\n<\/ul>\n<ul>\n<li>Cystoskopi (bl\u00e6retumorer\/polypper)<\/li>\n<li>CT-urografi (CT-skanning av urinveiene med og uten kontrast (fortrinnsvis i 3 faser, men ellers i 2 faser \u2013 ven\u00f8s fase og ekskresjonsfase) som kan brukes til \u00e5 visualisere:\n<ul>\n<li>steiner (uten kontrast)<\/li>\n<li>tumorer\/endringer i nyrene (ven\u00f8s fase). Forekomsten av kontrastoppladning i en tumor m\u00e5les ved \u00e5 sammenligne Hounsfield-enheten (HU) f\u00f8r og etter kontrast. Ved forskjell p\u00e5 15 HU er det kontrastoppladning og mistanke om tumor<\/li>\n<li>tumorer\/endringer i urinveiene (utskillelsesfasen)<\/li>\n<\/ul>\n<\/li>\n<\/ul>\n<ul>\n<li>CT-urografi kan ogs\u00e5 brukes til \u00e5 vurdere:\n<ul>\n<li>tumoranatomi: posisjon, st\u00f8rrelse, involvering av bekken<\/li>\n<li>mulig involvering av nyrevenen: tumortrombe og dens utbredelse<\/li>\n<li>spredning til regionale lymfeknuter<\/li>\n<li>spredning til andre abdominale organer<\/li>\n<\/ul>\n<\/li>\n<\/ul>\n<ul>\n<li>CT av thorax. Ved mistanke om nyrekreft skal det utf\u00f8res CT av thorax for \u00e5 unders\u00f8ke om det er ytterligere spredning. CT av thorax og abdomen er ogs\u00e5 inkludert ved stadieinndeling av nyrekreft<\/li>\n<li>Renografi for \u00e5 vurdere drenasjeforholdene og funksjonell fordeling mellom de 2 nyrene<\/li>\n<li>Ultralydunders\u00f8kelse av nyrene med kontrast kan benyttes for \u00e5 skille mellom cyster og solide tumorer dersom dette ikke kan avklares med CT alene \u2013 enten fordi st\u00f8rrelsen eller pasienten ikke t\u00e5ler IV kontrast i forbindelse med CT-skanningen. Ultralydskanning brukes ogs\u00e5 som veiledning n\u00e5r man tar biopsi fra nyretumor<\/li>\n<li>Histologisk diagnose. Diagnosen nyrekreft kan kun stilles etter en histologisk diagnose, som enten kan stilles ved ultralydveiledet nyrebiopsi eller hvis tumoren fjernes kirurgisk\n<ul>\n<li>Hvis tumoren er &lt;4 cm, anbefales alltid biopsi f\u00f8r behandlingsbeslutning, da tidligere studier har vist at ca. 20 % av de fjernede tumorene &lt;4 cm var godartede<\/li>\n<li>Ved disseminert sykdom anbefales biopsi fra b\u00e5de nyretumor og metastase<\/li>\n<\/ul>\n<\/li>\n<\/ul>\n<\/div><\/div><\/div><\/div><\/div><div class=\"fusion-fullwidth fullwidth-box fusion-builder-row-4 fusion-flex-container has-pattern-background has-mask-background nonhundred-percent-fullwidth non-hundred-percent-height-scrolling\" style=\"--awb-border-radius-top-left:0px;--awb-border-radius-top-right:0px;--awb-border-radius-bottom-right:0px;--awb-border-radius-bottom-left:0px;--awb-flex-wrap:wrap;\" ><div class=\"fusion-builder-row fusion-row fusion-flex-align-items-flex-start fusion-flex-content-wrap\" style=\"max-width:1248px;margin-left: calc(-4% \/ 2 );margin-right: calc(-4% \/ 2 );\"><div class=\"fusion-layout-column fusion_builder_column fusion-builder-column-3 fusion_builder_column_1_1 1_1 fusion-flex-column\" style=\"--awb-bg-size:cover;--awb-width-large:100%;--awb-margin-top-large:0px;--awb-spacing-right-large:1.92%;--awb-margin-bottom-large:20px;--awb-spacing-left-large:1.92%;--awb-width-medium:100%;--awb-order-medium:0;--awb-spacing-right-medium:1.92%;--awb-spacing-left-medium:1.92%;--awb-width-small:100%;--awb-order-small:0;--awb-spacing-right-small:1.92%;--awb-spacing-left-small:1.92%;\"><div class=\"fusion-column-wrapper fusion-column-has-shadow fusion-flex-justify-content-flex-start fusion-content-layout-column\"><div class=\"fusion-title title fusion-title-3 fusion-sep-none fusion-title-text fusion-title-size-four\"><h4 class=\"fusion-title-heading title-heading-left\" style=\"margin:0;\">Referanse<\/h4><\/div><div class=\"fusion-text fusion-text-3\"><div>\n<ol>\n<li><i>ESMO Guidelines: European Society for Medical Oncology. ESMO Clinical Practice Guidelines. Available from: https:\/\/www.esmo.org\/guidelines. <\/i><\/li>\n<li><i>Danish Multidisciplinary Cancer Groups (DMCG). DaRenCa Kliniske Retningslinjer 2024. Available from: https:\/\/www.dmcg.dk\/Kliniske-retningslinjer\/kliniske-retningslinjer-opdelt-paa-dmcg\/nyrecancer\/<\/i><\/li>\n<li><i>NCCN Guidelines: National Comprehensive Cancer Network. NCCN Clinical Practice Guidelines in Oncology. Available from: https:\/\/www.nccn.org\/guidelines.<\/i><\/li>\n<\/ol>\n<\/div>\n<\/div><\/div><\/div><div class=\"fusion-layout-column fusion_builder_column fusion-builder-column-4 fusion_builder_column_1_1 1_1 fusion-flex-column\" style=\"--awb-overflow:hidden;--awb-bg-size:cover;--awb-border-radius:7px 7px 7px 7px;--awb-width-large:100%;--awb-margin-top-large:0px;--awb-spacing-right-large:1.92%;--awb-margin-bottom-large:20px;--awb-spacing-left-large:1.92%;--awb-width-medium:100%;--awb-order-medium:0;--awb-spacing-right-medium:1.92%;--awb-spacing-left-medium:1.92%;--awb-width-small:100%;--awb-order-small:0;--awb-spacing-right-small:1.92%;--awb-spacing-left-small:1.92%;\" data-scroll-devices=\"small-visibility,medium-visibility,large-visibility\"><div class=\"fusion-column-wrapper fusion-column-has-shadow fusion-flex-justify-content-flex-start fusion-content-layout-column\"><div style=\"text-align:center;\"><a class=\"fusion-button button-flat fusion-button-default-size button-default fusion-button-default button-1 fusion-button-default-span fusion-button-default-type\" target=\"_self\" data-hover=\"icon_slide\" href=\"http:\/\/d1s07skqdwll4z.cloudfront.net\/no\/mrcc-tool\/2-symptoms-and-diagnosis\/2-3-multidisciplinary-team-mdt-conference\/\"><span class=\"fusion-button-text\">Se neste avsnitt: 2.3 Tverrfaglig m\u00f8te (MDT-m\u00f8te)<\/span><i class=\"fa-arrow-alt-circle-right fas button-icon-right\" aria-hidden=\"true\"><\/i><\/a><\/div><\/div><\/div><\/div><\/div><div class=\"fusion-fullwidth fullwidth-box fusion-builder-row-5 fusion-flex-container has-pattern-background has-mask-background nonhundred-percent-fullwidth non-hundred-percent-height-scrolling\" style=\"--awb-border-radius-top-left:7px;--awb-border-radius-top-right:7px;--awb-border-radius-bottom-right:7px;--awb-border-radius-bottom-left:7px;--awb-overflow:hidden;--awb-margin-top:4px;--awb-background-color:var(--awb-color3);--awb-flex-wrap:wrap;\" ><div class=\"fusion-builder-row fusion-row fusion-flex-align-items-flex-start fusion-flex-content-wrap\" style=\"max-width:1248px;margin-left: calc(-4% \/ 2 );margin-right: calc(-4% \/ 2 );\"><div class=\"fusion-layout-column fusion_builder_column fusion-builder-column-5 fusion_builder_column_1_1 1_1 fusion-flex-column\" style=\"--awb-bg-size:cover;--awb-width-large:100%;--awb-margin-top-large:0px;--awb-spacing-right-large:1.92%;--awb-margin-bottom-large:20px;--awb-spacing-left-large:1.92%;--awb-width-medium:100%;--awb-order-medium:0;--awb-spacing-right-medium:1.92%;--awb-spacing-left-medium:1.92%;--awb-width-small:100%;--awb-order-small:0;--awb-spacing-right-small:1.92%;--awb-spacing-left-small:1.92%;\"><div class=\"fusion-column-wrapper fusion-column-has-shadow fusion-flex-justify-content-flex-start fusion-content-layout-column\"><div class=\"fusion-title title fusion-title-4 fusion-title-center fusion-title-text fusion-title-size-five\" style=\"--awb-text-color:#c1c1c1;--awb-margin-top:25px;--awb-sep-color:#e2e2e2;\"><div class=\"title-sep-container title-sep-container-left\"><div class=\"title-sep sep-single sep-solid\" style=\"border-color:#e2e2e2;\"><\/div><\/div><span class=\"awb-title-spacer\"><\/span><h5 class=\"fusion-title-heading title-heading-center\" style=\"margin:0;\">Utforsk denne kapittelmenyen<\/h5><span class=\"awb-title-spacer\"><\/span><div class=\"title-sep-container title-sep-container-right\"><div class=\"title-sep sep-single sep-solid\" style=\"border-color:#e2e2e2;\"><\/div><\/div><\/div><\/div><\/div><div class=\"fusion-layout-column fusion_builder_column fusion-builder-column-6 fusion_builder_column_1_6 1_6 fusion-flex-column\" style=\"--awb-bg-size:cover;--awb-width-large:16.666666666667%;--awb-margin-top-large:0px;--awb-spacing-right-large:11.52%;--awb-margin-bottom-large:20px;--awb-spacing-left-large:11.52%;--awb-width-medium:16.666666666667%;--awb-order-medium:0;--awb-spacing-right-medium:11.52%;--awb-spacing-left-medium:11.52%;--awb-width-small:100%;--awb-order-small:0;--awb-spacing-right-small:1.92%;--awb-spacing-left-small:1.92%;\"><div class=\"fusion-column-wrapper fusion-column-has-shadow fusion-flex-justify-content-flex-start fusion-content-layout-column\"><\/div><\/div><div class=\"fusion-layout-column fusion_builder_column fusion-builder-column-7 fusion_builder_column_2_3 2_3 fusion-flex-column\" style=\"--awb-bg-size:cover;--awb-width-large:66.666666666667%;--awb-margin-top-large:0px;--awb-spacing-right-large:2.88%;--awb-margin-bottom-large:20px;--awb-spacing-left-large:2.88%;--awb-width-medium:66.666666666667%;--awb-order-medium:0;--awb-spacing-right-medium:2.88%;--awb-spacing-left-medium:2.88%;--awb-width-small:100%;--awb-order-small:0;--awb-spacing-right-small:1.92%;--awb-spacing-left-small:1.92%;\"><div class=\"fusion-column-wrapper fusion-column-has-shadow fusion-flex-justify-content-flex-start fusion-content-layout-column\"><div style=\"text-align:center;\"><a class=\"fusion-button button-flat fusion-button-default-size button-custom fusion-button-default button-2 fusion-button-span-yes fusion-has-button-gradient\" style=\"--button_bevel_color:rgba(89,96,104,0.7);--button_bevel_color_hover:rgba(89,96,104,0.9);--button_accent_color:var(--awb-color6);--button_border_color:#e0e0e0;--button_accent_hover_color:var(--awb-color1);--button_border_hover_color:var(--awb-color3);--button_border_width-top:1px;--button_border_width-right:1px;--button_border_width-bottom:1px;--button_border_width-left:1px;--button_gradient_top_color:rgba(89,96,104,0.07);--button_gradient_bottom_color:rgba(89,96,104,0.33);--button_gradient_top_color_hover:#003c68;--button_gradient_bottom_color_hover:#003c68;--button_padding-top:20px;--button_padding-bottom:20px;--button_margin-top:15px;--button_margin-bottom:3px;\" target=\"_self\" data-hover=\"icon_slide\" href=\"http:\/\/d1s07skqdwll4z.cloudfront.net\/no\/mrcc-tool\/2-symptoms-and-diagnosis\/2-1-symptoms-of-kidney-cancer\/\"><span class=\"fusion-button-text\">2.1 Symptomer p\u00e5 nyrekreft<\/span><i class=\"fa-angle-right fas button-icon-right\" aria-hidden=\"true\"><\/i><\/a><\/div><div style=\"text-align:center;\"><a class=\"fusion-button button-flat fusion-button-default-size button-custom fusion-button-default button-3 fusion-button-span-yes fusion-has-button-gradient\" style=\"--button_accent_color:var(--awb-color6);--button_border_color:#e0e0e0;--button_accent_hover_color:var(--awb-color1);--button_border_hover_color:var(--awb-color3);--button_border_width-top:1px;--button_border_width-right:1px;--button_border_width-bottom:1px;--button_border_width-left:1px;--button_gradient_top_color:rgba(89,96,104,0.07);--button_gradient_bottom_color:rgba(89,96,104,0.33);--button_gradient_top_color_hover:#003c68;--button_gradient_bottom_color_hover:#003c68;--button_padding-top:20px;--button_padding-bottom:20px;--button_margin-top:3px;--button_margin-bottom:3px;\" target=\"_self\" data-hover=\"icon_slide\" href=\"http:\/\/d1s07skqdwll4z.cloudfront.net\/no\/mrcc-tool\/2-symptoms-and-diagnosis\/2-2-investigation-of-suspected-kidney-cancer\/\"><span class=\"fusion-button-text\">2.2 Utredning ved mistenkt nyrekreft<\/span><i class=\"fa-angle-right fas button-icon-right\" aria-hidden=\"true\"><\/i><\/a><\/div><div style=\"text-align:center;\"><a class=\"fusion-button button-flat fusion-button-default-size button-custom fusion-button-default button-4 fusion-button-span-yes fusion-has-button-gradient\" style=\"--button_accent_color:var(--awb-color6);--button_border_color:#e0e0e0;--button_accent_hover_color:var(--awb-color1);--button_border_hover_color:var(--awb-color3);--button_border_width-top:1px;--button_border_width-right:1px;--button_border_width-bottom:1px;--button_border_width-left:1px;--button_gradient_top_color:rgba(89,96,104,0.07);--button_gradient_bottom_color:rgba(89,96,104,0.33);--button_gradient_top_color_hover:#003c68;--button_gradient_bottom_color_hover:#003c68;--button_padding-top:20px;--button_padding-bottom:20px;--button_margin-top:3px;--button_margin-bottom:3px;\" target=\"_self\" data-hover=\"icon_slide\" href=\"http:\/\/d1s07skqdwll4z.cloudfront.net\/no\/mrcc-tool\/2-symptoms-and-diagnosis\/2-3-multidisciplinary-team-mdt-conference\/\"><span class=\"fusion-button-text\">2.3 Tverrfaglig m\u00f8te (MDT-m\u00f8te)<\/span><i class=\"fa-angle-right fas button-icon-right\" aria-hidden=\"true\"><\/i><\/a><\/div><div style=\"text-align:center;\"><a class=\"fusion-button button-flat fusion-button-default-size button-custom fusion-button-default button-5 fusion-button-span-yes fusion-has-button-gradient\" style=\"--button_accent_color:var(--awb-color6);--button_border_color:#e0e0e0;--button_accent_hover_color:var(--awb-color1);--button_border_hover_color:var(--awb-color3);--button_border_width-top:1px;--button_border_width-right:1px;--button_border_width-bottom:1px;--button_border_width-left:1px;--button_gradient_top_color:rgba(89,96,104,0.07);--button_gradient_bottom_color:rgba(89,96,104,0.33);--button_gradient_top_color_hover:#003c68;--button_gradient_bottom_color_hover:#003c68;--button_padding-top:20px;--button_padding-bottom:20px;--button_margin-top:3px;--button_margin-bottom:3px;\" target=\"_self\" data-hover=\"icon_slide\" href=\"http:\/\/d1s07skqdwll4z.cloudfront.net\/no\/mrcc-tool\/2-symptoms-and-diagnosis\/2-4-prognostic-stratification-tools-for-patients-with-mrcc\/\"><span class=\"fusion-button-text\">2.4 Prognostiske stratifiseringsverkt\u00f8y for pasienter med mRCC<\/span><i class=\"fa-angle-right fas button-icon-right\" aria-hidden=\"true\"><\/i><\/a><\/div><div style=\"text-align:center;\"><a class=\"fusion-button button-flat fusion-button-default-size button-custom fusion-button-default button-6 fusion-button-span-yes fusion-has-button-gradient\" style=\"--button_accent_color:var(--awb-color6);--button_border_color:#e0e0e0;--button_accent_hover_color:var(--awb-color1);--button_border_hover_color:var(--awb-color3);--button_border_width-top:1px;--button_border_width-right:1px;--button_border_width-bottom:1px;--button_border_width-left:1px;--button_gradient_top_color:rgba(89,96,104,0.07);--button_gradient_bottom_color:rgba(89,96,104,0.33);--button_gradient_top_color_hover:#003c68;--button_gradient_bottom_color_hover:#003c68;--button_padding-top:20px;--button_padding-bottom:20px;--button_margin-top:3px;--button_margin-bottom:3px;\" target=\"_self\" data-hover=\"icon_slide\" href=\"http:\/\/d1s07skqdwll4z.cloudfront.net\/no\/mrcc-tool\/2-symptoms-and-diagnosis\/2-5-prognostic-factors\/\"><span class=\"fusion-button-text\">2.5 Prognostiske faktorer<\/span><i class=\"fa-angle-right fas button-icon-right\" aria-hidden=\"true\"><\/i><\/a><\/div><\/div><\/div><div class=\"fusion-layout-column fusion_builder_column fusion-builder-column-8 fusion_builder_column_1_6 1_6 fusion-flex-column\" style=\"--awb-bg-size:cover;--awb-width-large:16.666666666667%;--awb-margin-top-large:0px;--awb-spacing-right-large:11.52%;--awb-margin-bottom-large:20px;--awb-spacing-left-large:11.52%;--awb-width-medium:16.666666666667%;--awb-order-medium:0;--awb-spacing-right-medium:11.52%;--awb-spacing-left-medium:11.52%;--awb-width-small:100%;--awb-order-small:0;--awb-spacing-right-small:1.92%;--awb-spacing-left-small:1.92%;\"><div class=\"fusion-column-wrapper fusion-column-has-shadow fusion-flex-justify-content-flex-start fusion-content-layout-column\"><\/div><\/div><\/div><\/div>\n<\/p>\n","protected":false},"excerpt":{"rendered":"","protected":false},"author":1,"featured_media":0,"parent":7489,"menu_order":0,"comment_status":"closed","ping_status":"closed","template":"100-width.php","meta":{"footnotes":""},"class_list":["post-7497","page","type-page","status-publish","hentry"],"_links":{"self":[{"href":"https:\/\/d1s07skqdwll4z.cloudfront.net\/no\/wp-json\/wp\/v2\/pages\/7497","targetHints":{"allow":["GET"]}}],"collection":[{"href":"https:\/\/d1s07skqdwll4z.cloudfront.net\/no\/wp-json\/wp\/v2\/pages"}],"about":[{"href":"https:\/\/d1s07skqdwll4z.cloudfront.net\/no\/wp-json\/wp\/v2\/types\/page"}],"author":[{"embeddable":true,"href":"https:\/\/d1s07skqdwll4z.cloudfront.net\/no\/wp-json\/wp\/v2\/users\/1"}],"replies":[{"embeddable":true,"href":"https:\/\/d1s07skqdwll4z.cloudfront.net\/no\/wp-json\/wp\/v2\/comments?post=7497"}],"version-history":[{"count":11,"href":"https:\/\/d1s07skqdwll4z.cloudfront.net\/no\/wp-json\/wp\/v2\/pages\/7497\/revisions"}],"predecessor-version":[{"id":12472,"href":"https:\/\/d1s07skqdwll4z.cloudfront.net\/no\/wp-json\/wp\/v2\/pages\/7497\/revisions\/12472"}],"up":[{"embeddable":true,"href":"https:\/\/d1s07skqdwll4z.cloudfront.net\/no\/wp-json\/wp\/v2\/pages\/7489"}],"wp:attachment":[{"href":"https:\/\/d1s07skqdwll4z.cloudfront.net\/no\/wp-json\/wp\/v2\/media?parent=7497"}],"curies":[{"name":"wp","href":"https:\/\/api.w.org\/{rel}","templated":true}]}}