{"id":7626,"date":"2023-08-18T05:12:21","date_gmt":"2023-08-18T05:12:21","guid":{"rendered":"http:\/\/d1s07skqdwll4z.cloudfront.net\/mrcc-tool\/5-toxicity-management\/5-4-interactions-between-medicinal-products\/"},"modified":"2024-03-28T17:58:23","modified_gmt":"2024-03-28T17:58:23","slug":"5-4-interactions-between-medicinal-products","status":"publish","type":"page","link":"https:\/\/d1s07skqdwll4z.cloudfront.net\/sv\/mrcc-tool\/5-toxicity-management\/5-4-interactions-between-medicinal-products\/","title":{"rendered":"5.4 Interactions between medicinal products"},"content":{"rendered":"<p><div class=\"fusion-fullwidth fullwidth-box fusion-builder-row-1 fusion-flex-container has-pattern-background has-mask-background nonhundred-percent-fullwidth non-hundred-percent-height-scrolling\" style=\"--awb-border-radius-top-left:0px;--awb-border-radius-top-right:0px;--awb-border-radius-bottom-right:0px;--awb-border-radius-bottom-left:0px;--awb-padding-top:-60px;--awb-background-color:var(--awb-color3);--awb-flex-wrap:wrap;\" ><div class=\"fusion-builder-row fusion-row fusion-flex-align-items-flex-start fusion-flex-content-wrap\" style=\"max-width:1248px;margin-left: calc(-4% \/ 2 );margin-right: calc(-4% \/ 2 );\"><div class=\"fusion-layout-column fusion_builder_column fusion-builder-column-0 fusion_builder_column_1_1 1_1 fusion-flex-column\" style=\"--awb-bg-size:cover;--awb-width-large:100%;--awb-margin-top-large:0px;--awb-spacing-right-large:1.92%;--awb-margin-bottom-large:20px;--awb-spacing-left-large:1.92%;--awb-width-medium:100%;--awb-order-medium:0;--awb-spacing-right-medium:1.92%;--awb-spacing-left-medium:1.92%;--awb-width-small:100%;--awb-order-small:0;--awb-spacing-right-small:1.92%;--awb-spacing-left-small:1.92%;\"><div class=\"fusion-column-wrapper fusion-column-has-shadow fusion-flex-justify-content-flex-start fusion-content-layout-column\"><div class=\"fusion-search-element fusion-search-element-1 fusion-search-form-clean\" style=\"--awb-border-radius:7px;--awb-text-color:var(--awb-color8);--awb-border-color:var(--awb-color8);--awb-bg-color:var(--awb-color3);\">\t\t<form role=\"search\" class=\"searchform fusion-search-form  fusion-live-search fusion-search-form-clean\" method=\"get\" action=\"https:\/\/d1s07skqdwll4z.cloudfront.net\/sv\/\">\n\t\t\t<div class=\"fusion-search-form-content\">\n\n\t\t\t\t\n\t\t\t\t<div class=\"fusion-search-field search-field\">\n\t\t\t\t\t<label><span class=\"screen-reader-text\">Search for:<\/span>\n\t\t\t\t\t\t\t\t\t\t\t\t\t<input type=\"search\" class=\"s fusion-live-search-input\" name=\"s\" id=\"fusion-live-search-input-0\" autocomplete=\"off\" placeholder=\"Search...\" required aria-required=\"true\" aria-label=\"Search...\"\/>\n\t\t\t\t\t\t\t\t\t\t\t<\/label>\n\t\t\t\t<\/div>\n\t\t\t\t<div class=\"fusion-search-button search-button\">\n\t\t\t\t\t<input type=\"submit\" class=\"fusion-search-submit searchsubmit\" aria-label=\"Search\" value=\"&#xf002;\" \/>\n\t\t\t\t\t\t\t\t\t\t<div class=\"fusion-slider-loading\"><\/div>\n\t\t\t\t\t\t\t\t\t<\/div>\n\n\t\t\t\t<input type=\"hidden\" name=\"post_type[]\" value=\"any\" \/><input type=\"hidden\" name=\"search_limit_to_post_titles\" value=\"0\" \/><input type=\"hidden\" name=\"live_min_character\" value=\"4\" \/><input type=\"hidden\" name=\"live_posts_per_page\" value=\"100\" \/><input type=\"hidden\" name=\"live_search_display_featured_image\" value=\"1\" \/><input type=\"hidden\" name=\"live_search_display_post_type\" value=\"1\" \/><input type=\"hidden\" name=\"fs\" value=\"1\" \/>\n\t\t\t<\/div>\n\n\n\t\t\t\t\t\t\t<div class=\"fusion-search-results-wrapper\"><div class=\"fusion-search-results\"><\/div><\/div>\n\t\t\t\n\t\t<\/form>\n\t\t<\/div><\/div><\/div><\/div><\/div><div class=\"fusion-fullwidth fullwidth-box fusion-builder-row-2 fusion-flex-container has-pattern-background has-mask-background nonhundred-percent-fullwidth non-hundred-percent-height-scrolling\" style=\"--awb-border-radius-top-left:0px;--awb-border-radius-top-right:0px;--awb-border-radius-bottom-right:0px;--awb-border-radius-bottom-left:0px;--awb-margin-top:4px;--awb-background-color:var(--awb-color3);--awb-flex-wrap:wrap;\" ><div class=\"fusion-builder-row fusion-row fusion-flex-align-items-flex-start fusion-flex-content-wrap\" style=\"max-width:1248px;margin-left: calc(-4% \/ 2 );margin-right: calc(-4% \/ 2 );\"><div class=\"fusion-layout-column fusion_builder_column fusion-builder-column-1 fusion_builder_column_1_1 1_1 fusion-flex-column\" style=\"--awb-bg-size:cover;--awb-width-large:100%;--awb-margin-top-large:0px;--awb-spacing-right-large:1.92%;--awb-margin-bottom-large:20px;--awb-spacing-left-large:1.92%;--awb-width-medium:100%;--awb-order-medium:0;--awb-spacing-right-medium:1.92%;--awb-spacing-left-medium:1.92%;--awb-width-small:100%;--awb-order-small:0;--awb-spacing-right-small:1.92%;--awb-spacing-left-small:1.92%;\"><div class=\"fusion-column-wrapper fusion-column-has-shadow fusion-flex-justify-content-flex-start fusion-content-layout-column\"><div class=\"fusion-title title fusion-title-1 fusion-title-center fusion-title-text fusion-title-size-five\" style=\"--awb-text-color:#c1c1c1;--awb-sep-color:#e2e2e2;\"><div class=\"title-sep-container title-sep-container-left\"><div class=\"title-sep sep-single sep-solid\" style=\"border-color:#e2e2e2;\"><\/div><\/div><span class=\"awb-title-spacer\"><\/span><h5 class=\"fusion-title-heading title-heading-center\" style=\"margin:0;\">5.4 L\u00e4kemedelsinteraktioner<\/h5><span class=\"awb-title-spacer\"><\/span><div class=\"title-sep-container title-sep-container-right\"><div class=\"title-sep sep-single sep-solid\" style=\"border-color:#e2e2e2;\"><\/div><\/div><\/div><\/div><\/div><\/div><\/div><div class=\"fusion-fullwidth fullwidth-box fusion-builder-row-3 fusion-flex-container has-pattern-background has-mask-background nonhundred-percent-fullwidth non-hundred-percent-height-scrolling\" style=\"--awb-border-radius-top-left:0px;--awb-border-radius-top-right:0px;--awb-border-radius-bottom-right:0px;--awb-border-radius-bottom-left:0px;--awb-margin-top:4px;--awb-background-color:var(--awb-color3);--awb-flex-wrap:wrap;\" ><div class=\"fusion-builder-row fusion-row fusion-flex-align-items-flex-start fusion-flex-content-wrap\" style=\"max-width:1248px;margin-left: calc(-4% \/ 2 );margin-right: calc(-4% \/ 2 );\"><div class=\"fusion-layout-column fusion_builder_column fusion-builder-column-2 fusion_builder_column_1_1 1_1 fusion-flex-column\" style=\"--awb-bg-size:cover;--awb-width-large:100%;--awb-margin-top-large:0px;--awb-spacing-right-large:1.92%;--awb-margin-bottom-large:20px;--awb-spacing-left-large:1.92%;--awb-width-medium:100%;--awb-order-medium:0;--awb-spacing-right-medium:1.92%;--awb-spacing-left-medium:1.92%;--awb-width-small:100%;--awb-order-small:0;--awb-spacing-right-small:1.92%;--awb-spacing-left-small:1.92%;\"><div class=\"fusion-column-wrapper fusion-column-has-shadow fusion-flex-justify-content-flex-start fusion-content-layout-column\"><div class=\"fusion-text fusion-text-1\"><p>De flesta tyrosinkinash\u00e4mmare metaboliseras i levern, fr\u00e4mst via cytokromenzymet CYP3A4. F\u00f6rsiktighet ska d\u00e4rf\u00f6r iakttas n\u00e4r en TKI administreras tillsammans med l\u00e4kemedel som inducerar eller h\u00e4mmar CYP3A4.<\/p>\n<p><span style=\"font-family: var(--awb-text-font-family); font-size: var(--awb-font-size); font-style: var(--awb-text-font-style); letter-spacing: var(--awb-letter-spacing); text-align: var(--awb-content-alignment); text-transform: var(--awb-text-transform);\"><b>H\u00e4mmare:<\/b><\/span> N\u00e4r ett l\u00e4kemedel orsakar minskad metabolism av ett annat l\u00e4kemedel, \u00f6kar exponeringen av det l\u00e4kemedlet (\u00f6kad koncentration och \u00f6kad risk f\u00f6r biverkningar).<\/p>\n<p><span style=\"font-family: var(--awb-text-font-family); font-size: var(--awb-font-size); font-style: var(--awb-text-font-style); letter-spacing: var(--awb-letter-spacing); text-align: var(--awb-content-alignment); text-transform: var(--awb-text-transform);\"><b>Inducerare:<\/b><\/span> N\u00e4r ett l\u00e4kemedel orsakar \u00f6kad metabolism av ett annat l\u00e4kemedel, minskar exponeringen av det l\u00e4kemedlet (minskad koncentration och effekt).<\/p>\n<\/div>\n<div class=\"table-1\">\n<table width=\"100%\">\n<thead>\n<tr>\n<th align=\"left\">H\u00c4MMARE<\/th>\n<th align=\"left\">INDUCERARE<\/th>\n<\/tr>\n<\/thead>\n<tbody>\n<tr>\n<td align=\"left\"><span aria-labelledby=\"value\"><span class=\"objectBox objectBox-string\">Grapefrukt\/grapefruktjuice<\/span><\/span><\/td>\n<td align=\"left\"><span aria-labelledby=\"value\"><span class=\"objectBox objectBox-string\">Barbiturater<\/span><\/span><\/td>\n<\/tr>\n<tr>\n<td align=\"left\"><span aria-labelledby=\"value\"><span class=\"objectBox objectBox-string\">Klaritromycin<\/span><\/span><\/td>\n<td align=\"left\"><span aria-labelledby=\"value\"><span class=\"objectBox objectBox-string\">Karbamazepin<\/span><\/span><\/td>\n<\/tr>\n<tr>\n<td align=\"left\"><span aria-labelledby=\"value\"><span class=\"objectBox objectBox-string\">Erytromycin<\/span><\/span><\/td>\n<td align=\"left\"><span aria-labelledby=\"value\"><span class=\"objectBox objectBox-string\">Fenytoin<\/span><\/span><\/td>\n<\/tr>\n<tr>\n<td align=\"left\"><span aria-labelledby=\"value\"><span class=\"objectBox objectBox-string\">Flukonazol<\/span><\/span><\/td>\n<td align=\"left\"><span aria-labelledby=\"value\"><span class=\"objectBox objectBox-string\">Rifampicin<\/span><\/span><\/td>\n<\/tr>\n<tr>\n<td align=\"left\"><span aria-labelledby=\"value\"><span class=\"objectBox objectBox-string\">Itrakonazol<\/span><\/span><\/td>\n<td align=\"left\"><span aria-labelledby=\"value\"><span class=\"objectBox objectBox-string\">Griseofulvin<\/span><\/span><\/td>\n<\/tr>\n<tr>\n<td align=\"left\"><span aria-labelledby=\"value\"><span class=\"objectBox objectBox-string\">Ketokonazol<\/span><\/span><\/td>\n<td align=\"left\"><span aria-labelledby=\"value\"><span class=\"objectBox objectBox-string\">Nevirapi<\/span><\/span><\/td>\n<\/tr>\n<tr>\n<td align=\"left\"><span aria-labelledby=\"value\"><span class=\"objectBox objectBox-string\">Mikonazol<\/span><\/span><\/td>\n<td align=\"left\"><span aria-labelledby=\"value\"><span class=\"objectBox objectBox-string\">Johannes\u00f6rt<\/span><\/span><\/td>\n<\/tr>\n<tr>\n<td align=\"left\"><span aria-labelledby=\"value\"><span class=\"objectBox objectBox-string\">Cyklosporin<\/span><\/span><\/td>\n<td align=\"left\">&nbsp;<\/td>\n<\/tr>\n<tr>\n<td align=\"left\"><span aria-labelledby=\"value\"><span class=\"objectBox objectBox-string\">Indinavir<\/span><\/span><\/td>\n<td align=\"left\">&nbsp;<\/td>\n<\/tr>\n<tr>\n<td align=\"left\"><span aria-labelledby=\"value\"><span class=\"objectBox objectBox-string\">Ritonavir<\/span><\/span><\/td>\n<td align=\"left\">&nbsp;<\/td>\n<\/tr>\n<tr>\n<td align=\"left\"><span aria-labelledby=\"value\"><span class=\"objectBox objectBox-string\">Delavirdin<\/span><\/span><\/td>\n<td align=\"left\">&nbsp;<\/td>\n<\/tr>\n<tr>\n<td align=\"left\"><span aria-labelledby=\"value\"><span class=\"objectBox objectBox-string\">Verapamil<\/span><\/span><\/td>\n<td align=\"left\">&nbsp;<\/td>\n<\/tr>\n<tr>\n<td align=\"left\"><span aria-labelledby=\"value\"><span class=\"objectBox objectBox-string\">Nefazodon<\/span><\/span><\/td>\n<td align=\"left\">&nbsp;<\/td>\n<\/tr>\n<tr>\n<td align=\"left\">TAO<\/td>\n<td align=\"left\">&nbsp;<\/td>\n<\/tr>\n<\/tbody>\n<\/table>\n<\/div>\n<div class=\"fusion-separator fusion-full-width-sep\" style=\"align-self: center;margin-left: auto;margin-right: auto;margin-top:20px;margin-bottom:20px;width:100%;\"><\/div><div class=\"fusion-title title fusion-title-2 fusion-sep-none fusion-title-text fusion-title-size-four\"><h4 class=\"fusion-title-heading title-heading-left\" style=\"margin:0;\">Pazopanib och statiner<\/h4><\/div><div class=\"fusion-text fusion-text-2\"><section class=\"av_textblock_section \">\n<div class=\"avia_textblock \">\n<p>Samtidig anv\u00e4ndning av <a class=\"exitNotifierLink\" href=\"https:\/\/www.ema.europa.eu\/en\/documents\/product-information\/votrient-epar-product-information_da.pdf\" target=\"_blank\" rel=\"noopener noreferrer\">Pazopanib<\/a> och simvastatin \u00f6kar incidensen av f\u00f6rh\u00f6jda ALAT-v\u00e4rden. D\u00e4rf\u00f6r rekommenderas paus med simvastatin (och andra statiner) vid ins\u00e4ttning av pazopanib.<\/p>\n<\/div>\n<\/section>\n<\/div><div class=\"fusion-title title fusion-title-3 fusion-sep-none fusion-title-text fusion-title-size-four\"><h4 class=\"fusion-title-heading title-heading-left\" style=\"margin:0;\">Pazopanib och l\u00e4kemedel som modifierar pH-v\u00e4rdet i mags\u00e4cken<\/h4><\/div><div class=\"fusion-text fusion-text-3\"><section class=\"av_textblock_section \">\n<div class=\"avia_textblock \">\n<p>Samtidig administrering av <a class=\"exitNotifierLink\" href=\"https:\/\/www.ema.europa.eu\/en\/documents\/product-information\/votrient-epar-product-information_da.pdf\" target=\"_blank\" rel=\"noopener noreferrer\">Pazopanib<\/a> och protonpumpsh\u00e4mmare (PPI \u2013 pantoprazol) eller H2-receptorantagonist (Kuracid) kan minska pazopanibs biotillg\u00e4nglighet. Om det \u00e4r n\u00f6dv\u00e4ndigt att anv\u00e4nda:<\/p>\n<ul>\n<li>PPI, rekommenderas att pazopanib tas utan mat p\u00e5 kv\u00e4llen tillsammans med PPI<\/li>\n<li>H2-receptorantagonist, rekommenderas att pazopanib tas minst 1 timme f\u00f6re eller 10 timmar efter dosen av H2-receptorantagonist<\/li>\n<\/ul>\n<\/div>\n<\/section>\n<\/div><div class=\"fusion-title title fusion-title-4 fusion-sep-none fusion-title-text fusion-title-size-four\"><h4 class=\"fusion-title-heading title-heading-left\" style=\"margin:0;\">Kabozantinib och MRP2-h\u00e4mmare<\/h4><\/div><div class=\"fusion-text fusion-text-4\"><section class=\"av_textblock_section \">\n<div class=\"avia_textblock \">\n<p>Samtidig administrering av MRP2-h\u00e4mmare (ciklosporin, efavirens, emtricitabin) och <a class=\"exitNotifierLink\" href=\"https:\/\/www.ema.europa.eu\/en\/documents\/product-information\/cabometyx-epar-product-information_da.pdf\" target=\"_blank\" rel=\"noopener noreferrer\">Kabozantinib<\/a> kan leda till \u00f6kade plasmakoncentrationer av kabozantinib. F\u00f6rsiktighet ska d\u00e4rf\u00f6r iakttas vid samtidig anv\u00e4ndning av ovanst\u00e5ende l\u00e4kemedel.<\/p>\n<\/div>\n<\/section>\n<\/div><div class=\"fusion-title title fusion-title-5 fusion-sep-none fusion-title-text fusion-title-size-four\"><h4 class=\"fusion-title-heading title-heading-left\" style=\"margin:0;\">Tivozanib och rosuvastatin<\/h4><\/div><div class=\"fusion-text fusion-text-5\"><section class=\"av_textblock_section \">\n<div class=\"avia_textblock \">\n<p><a class=\"exitNotifierLink\" href=\"https:\/\/www.ema.europa.eu\/en\/documents\/product-information\/fotivda-epar-product-information_da.pdf\" target=\"_blank\" rel=\"noopener noreferrer\">Tivozanib<\/a> h\u00e4mmar transportproteinet BCRP in vitro, men den kliniska betydelsen av detta fynd \u00e4r ok\u00e4nd. F\u00f6rsiktighet ska iakttas om tivozanib administreras samtidigt med rosuvastatin.<\/p>\n<\/div>\n<\/section>\n<\/div><\/div><\/div><\/div><\/div><div class=\"fusion-fullwidth fullwidth-box fusion-builder-row-4 fusion-flex-container has-pattern-background has-mask-background nonhundred-percent-fullwidth non-hundred-percent-height-scrolling\" style=\"--awb-border-radius-top-left:7px;--awb-border-radius-top-right:7px;--awb-border-radius-bottom-right:7px;--awb-border-radius-bottom-left:7px;--awb-overflow:hidden;--awb-margin-top:4px;--awb-background-color:var(--awb-color3);--awb-flex-wrap:wrap;\" ><div class=\"fusion-builder-row fusion-row fusion-flex-align-items-flex-start fusion-flex-content-wrap\" style=\"max-width:1248px;margin-left: calc(-4% \/ 2 );margin-right: calc(-4% \/ 2 );\"><div class=\"fusion-layout-column fusion_builder_column fusion-builder-column-3 fusion_builder_column_1_1 1_1 fusion-flex-column\" style=\"--awb-bg-size:cover;--awb-width-large:100%;--awb-margin-top-large:0px;--awb-spacing-right-large:1.92%;--awb-margin-bottom-large:20px;--awb-spacing-left-large:1.92%;--awb-width-medium:100%;--awb-order-medium:0;--awb-spacing-right-medium:1.92%;--awb-spacing-left-medium:1.92%;--awb-width-small:100%;--awb-order-small:0;--awb-spacing-right-small:1.92%;--awb-spacing-left-small:1.92%;\"><div class=\"fusion-column-wrapper fusion-column-has-shadow fusion-flex-justify-content-flex-start fusion-content-layout-column\"><div class=\"fusion-title title fusion-title-6 fusion-title-center fusion-title-text fusion-title-size-five\" style=\"--awb-text-color:#c1c1c1;--awb-margin-top:25px;--awb-sep-color:#e2e2e2;\"><div class=\"title-sep-container title-sep-container-left\"><div class=\"title-sep sep-single sep-solid\" style=\"border-color:#e2e2e2;\"><\/div><\/div><span class=\"awb-title-spacer\"><\/span><h5 class=\"fusion-title-heading title-heading-center\" style=\"margin:0;\">\u00d6versikt \u00f6ver alla kapitel<\/h5><span class=\"awb-title-spacer\"><\/span><div class=\"title-sep-container title-sep-container-right\"><div class=\"title-sep sep-single sep-solid\" style=\"border-color:#e2e2e2;\"><\/div><\/div><\/div><\/div><\/div><div class=\"fusion-layout-column fusion_builder_column fusion-builder-column-4 fusion_builder_column_1_6 1_6 fusion-flex-column\" style=\"--awb-bg-size:cover;--awb-width-large:16.666666666667%;--awb-margin-top-large:0px;--awb-spacing-right-large:11.52%;--awb-margin-bottom-large:20px;--awb-spacing-left-large:11.52%;--awb-width-medium:16.666666666667%;--awb-order-medium:0;--awb-spacing-right-medium:11.52%;--awb-spacing-left-medium:11.52%;--awb-width-small:100%;--awb-order-small:0;--awb-spacing-right-small:1.92%;--awb-spacing-left-small:1.92%;\"><div class=\"fusion-column-wrapper fusion-column-has-shadow fusion-flex-justify-content-flex-start fusion-content-layout-column\"><\/div><\/div><div class=\"fusion-layout-column fusion_builder_column fusion-builder-column-5 fusion_builder_column_2_3 2_3 fusion-flex-column\" style=\"--awb-bg-size:cover;--awb-width-large:66.666666666667%;--awb-margin-top-large:0px;--awb-spacing-right-large:2.88%;--awb-margin-bottom-large:20px;--awb-spacing-left-large:2.88%;--awb-width-medium:66.666666666667%;--awb-order-medium:0;--awb-spacing-right-medium:2.88%;--awb-spacing-left-medium:2.88%;--awb-width-small:100%;--awb-order-small:0;--awb-spacing-right-small:1.92%;--awb-spacing-left-small:1.92%;\"><div class=\"fusion-column-wrapper fusion-column-has-shadow fusion-flex-justify-content-flex-start fusion-content-layout-column\"><div style=\"text-align:center;\"><a class=\"fusion-button button-flat fusion-button-default-size button-custom fusion-button-default button-1 fusion-button-span-yes fusion-has-button-gradient\" style=\"--button_bevel_color:rgba(89,96,104,0.7);--button_bevel_color_hover:rgba(89,96,104,0.9);--button_accent_color:var(--awb-color6);--button_border_color:#e0e0e0;--button_accent_hover_color:var(--awb-color1);--button_border_hover_color:var(--awb-color3);--button_border_width-top:1px;--button_border_width-right:1px;--button_border_width-bottom:1px;--button_border_width-left:1px;--button_gradient_top_color:rgba(89,96,104,0.07);--button_gradient_bottom_color:rgba(89,96,104,0.33);--button_gradient_top_color_hover:#003c68;--button_gradient_bottom_color_hover:#003c68;--button_padding-top:20px;--button_padding-bottom:20px;--button_margin-top:15px;--button_margin-bottom:3px;\" target=\"_self\" data-hover=\"icon_slide\" href=\"http:\/\/d1s07skqdwll4z.cloudfront.net\/sv\/mrcc-tool\/1-introduction-rcc\/\"><span class=\"fusion-button-text\">1. Introduktion till RCC<\/span><i class=\"fa-angle-right fas button-icon-right\" aria-hidden=\"true\"><\/i><\/a><\/div><div style=\"text-align:center;\"><a class=\"fusion-button button-flat fusion-button-default-size button-custom fusion-button-default button-2 fusion-button-span-yes fusion-has-button-gradient\" style=\"--button_accent_color:var(--awb-color6);--button_border_color:#e0e0e0;--button_accent_hover_color:var(--awb-color1);--button_border_hover_color:var(--awb-color3);--button_border_width-top:1px;--button_border_width-right:1px;--button_border_width-bottom:1px;--button_border_width-left:1px;--button_gradient_top_color:rgba(89,96,104,0.07);--button_gradient_bottom_color:rgba(89,96,104,0.33);--button_gradient_top_color_hover:#003c68;--button_gradient_bottom_color_hover:#003c68;--button_padding-top:20px;--button_padding-bottom:20px;--button_margin-top:3px;--button_margin-bottom:3px;\" target=\"_self\" data-hover=\"icon_slide\" href=\"http:\/\/d1s07skqdwll4z.cloudfront.net\/sv\/mrcc-tool\/2-symptoms-and-diagnosis\/\"><span class=\"fusion-button-text\">2. Symtom och diagnos<\/span><i class=\"fa-angle-right fas button-icon-right\" aria-hidden=\"true\"><\/i><\/a><\/div><div style=\"text-align:center;\"><a class=\"fusion-button button-flat fusion-button-default-size button-custom fusion-button-default button-3 fusion-button-span-yes fusion-has-button-gradient\" style=\"--button_accent_color:var(--awb-color6);--button_border_color:#e0e0e0;--button_accent_hover_color:var(--awb-color1);--button_border_hover_color:var(--awb-color3);--button_border_width-top:1px;--button_border_width-right:1px;--button_border_width-bottom:1px;--button_border_width-left:1px;--button_gradient_top_color:rgba(89,96,104,0.07);--button_gradient_bottom_color:rgba(89,96,104,0.33);--button_gradient_top_color_hover:#003c68;--button_gradient_bottom_color_hover:#003c68;--button_padding-top:20px;--button_padding-bottom:20px;--button_margin-top:3px;--button_margin-bottom:3px;\" target=\"_self\" data-hover=\"icon_slide\" href=\"http:\/\/d1s07skqdwll4z.cloudfront.net\/sv\/mrcc-tool\/3-management-of-mrcc\/\"><span class=\"fusion-button-text\">3. Hantering av mRCC<\/span><i class=\"fa-angle-right fas button-icon-right\" aria-hidden=\"true\"><\/i><\/a><\/div><div style=\"text-align:center;\"><a class=\"fusion-button button-flat fusion-button-default-size button-custom fusion-button-default button-4 fusion-button-span-yes fusion-has-button-gradient\" style=\"--button_accent_color:var(--awb-color6);--button_border_color:#e0e0e0;--button_accent_hover_color:var(--awb-color1);--button_border_hover_color:var(--awb-color3);--button_border_width-top:1px;--button_border_width-right:1px;--button_border_width-bottom:1px;--button_border_width-left:1px;--button_gradient_top_color:rgba(89,96,104,0.07);--button_gradient_bottom_color:rgba(89,96,104,0.33);--button_gradient_top_color_hover:#003c68;--button_gradient_bottom_color_hover:#003c68;--button_padding-top:20px;--button_padding-bottom:20px;--button_margin-top:3px;--button_margin-bottom:3px;\" target=\"_self\" data-hover=\"icon_slide\" href=\"http:\/\/d1s07skqdwll4z.cloudfront.net\/sv\/mrcc-tool\/4-treatment\/\"><span class=\"fusion-button-text\">4. Behandling<\/span><i class=\"fa-angle-right fas button-icon-right\" aria-hidden=\"true\"><\/i><\/a><\/div><div style=\"text-align:center;\"><a class=\"fusion-button button-flat fusion-button-default-size button-custom fusion-button-default button-5 fusion-button-span-yes fusion-has-button-gradient\" style=\"--button_accent_color:var(--awb-color6);--button_border_color:#e0e0e0;--button_accent_hover_color:var(--awb-color1);--button_border_hover_color:var(--awb-color3);--button_border_width-top:1px;--button_border_width-right:1px;--button_border_width-bottom:1px;--button_border_width-left:1px;--button_gradient_top_color:rgba(89,96,104,0.07);--button_gradient_bottom_color:rgba(89,96,104,0.33);--button_gradient_top_color_hover:#003c68;--button_gradient_bottom_color_hover:#003c68;--button_padding-top:20px;--button_padding-bottom:20px;--button_margin-top:3px;--button_margin-bottom:3px;\" target=\"_self\" data-hover=\"icon_slide\" href=\"http:\/\/d1s07skqdwll4z.cloudfront.net\/sv\/mrcc-tool\/5-toxicity-management\/\"><span class=\"fusion-button-text\">5. Toxicitetshantering<\/span><i class=\"fa-angle-right fas button-icon-right\" aria-hidden=\"true\"><\/i><\/a><\/div><div style=\"text-align:center;\"><a class=\"fusion-button button-flat fusion-button-default-size button-custom fusion-button-default button-6 fusion-button-span-yes fusion-has-button-gradient\" style=\"--button_accent_color:var(--awb-color6);--button_border_color:#e0e0e0;--button_accent_hover_color:var(--awb-color1);--button_border_hover_color:var(--awb-color3);--button_border_width-top:1px;--button_border_width-right:1px;--button_border_width-bottom:1px;--button_border_width-left:1px;--button_gradient_top_color:rgba(89,96,104,0.07);--button_gradient_bottom_color:rgba(89,96,104,0.33);--button_gradient_top_color_hover:#003c68;--button_gradient_bottom_color_hover:#003c68;--button_padding-top:20px;--button_padding-bottom:20px;--button_margin-top:3px;--button_margin-bottom:3px;\" target=\"_self\" data-hover=\"icon_slide\" href=\"http:\/\/d1s07skqdwll4z.cloudfront.net\/sv\/frequently-asked-questions-faqs\/\"><span class=\"fusion-button-text\">6. Vanliga patientfr\u00e5gor<\/span><i class=\"fa-angle-right fas button-icon-right\" aria-hidden=\"true\"><\/i><\/a><\/div><\/div><\/div><div class=\"fusion-layout-column fusion_builder_column fusion-builder-column-6 fusion_builder_column_1_6 1_6 fusion-flex-column\" style=\"--awb-bg-size:cover;--awb-width-large:16.666666666667%;--awb-margin-top-large:0px;--awb-spacing-right-large:11.52%;--awb-margin-bottom-large:20px;--awb-spacing-left-large:11.52%;--awb-width-medium:16.666666666667%;--awb-order-medium:0;--awb-spacing-right-medium:11.52%;--awb-spacing-left-medium:11.52%;--awb-width-small:100%;--awb-order-small:0;--awb-spacing-right-small:1.92%;--awb-spacing-left-small:1.92%;\"><div class=\"fusion-column-wrapper fusion-column-has-shadow fusion-flex-justify-content-flex-start fusion-content-layout-column\"><\/div><\/div><\/div><\/div>\n<\/p>\n","protected":false},"excerpt":{"rendered":"","protected":false},"author":1,"featured_media":0,"parent":7570,"menu_order":0,"comment_status":"closed","ping_status":"closed","template":"100-width.php","meta":{"footnotes":""},"class_list":["post-7626","page","type-page","status-publish","hentry"],"_links":{"self":[{"href":"https:\/\/d1s07skqdwll4z.cloudfront.net\/sv\/wp-json\/wp\/v2\/pages\/7626","targetHints":{"allow":["GET"]}}],"collection":[{"href":"https:\/\/d1s07skqdwll4z.cloudfront.net\/sv\/wp-json\/wp\/v2\/pages"}],"about":[{"href":"https:\/\/d1s07skqdwll4z.cloudfront.net\/sv\/wp-json\/wp\/v2\/types\/page"}],"author":[{"embeddable":true,"href":"https:\/\/d1s07skqdwll4z.cloudfront.net\/sv\/wp-json\/wp\/v2\/users\/1"}],"replies":[{"embeddable":true,"href":"https:\/\/d1s07skqdwll4z.cloudfront.net\/sv\/wp-json\/wp\/v2\/comments?post=7626"}],"version-history":[{"count":7,"href":"https:\/\/d1s07skqdwll4z.cloudfront.net\/sv\/wp-json\/wp\/v2\/pages\/7626\/revisions"}],"predecessor-version":[{"id":11206,"href":"https:\/\/d1s07skqdwll4z.cloudfront.net\/sv\/wp-json\/wp\/v2\/pages\/7626\/revisions\/11206"}],"up":[{"embeddable":true,"href":"https:\/\/d1s07skqdwll4z.cloudfront.net\/sv\/wp-json\/wp\/v2\/pages\/7570"}],"wp:attachment":[{"href":"https:\/\/d1s07skqdwll4z.cloudfront.net\/sv\/wp-json\/wp\/v2\/media?parent=7626"}],"curies":[{"name":"wp","href":"https:\/\/api.w.org\/{rel}","templated":true}]}}